{"id":3,"date":"2023-11-18T15:28:36","date_gmt":"2023-11-18T15:28:36","guid":{"rendered":"http:\/\/skiflyingportal.com\/?page_id=3"},"modified":"2023-11-21T12:00:07","modified_gmt":"2023-11-21T12:00:07","slug":"privacy-policy","status":"publish","type":"page","link":"https:\/\/skiflyingportal.com\/index.php\/privacy-policy\/","title":{"rendered":"Polityka prywatno\u015bci"},"content":{"rendered":"\n<h2 class=\"wp-block-heading\">Kim jeste\u015bmy?<\/h2>\n\n\n\n<p>Jeste\u015bmy teamem skiflyingportal, zrzeszaj\u0105cym mi\u0142o\u015bnik\u00f3w skok\u00f3w i lot\u00f3w narciarskich z pasj\u0105 do dzielenia si\u0119 swoj\u0105 wiedz\u0105 na temat tych dyscyplin.<\/p>\n\n\n\n<h2 class=\"wp-block-heading\">Najwa\u017cniejsze zasady<\/h2>\n\n\n\n<p>Dane statystyczne dotycz\u0105ce tej strony zbiera Google Analytics.<\/p>\n\n\n\n<p>Strona korzysta z ciasteczek (pliki typu cookies) na potrzeby identyfikacji ka\u017cdej konkretnej przegl\u0105darki u\u017cywanej podczas przegl\u0105dania tej strony. Ciasteczka umo\u017cliwiaj\u0105 zebranie informacji, jak cz\u0119sto u\u017cytkownik odwiedza ten serwis i jakie jego elementy najbardziej go interesuj\u0105. Dzi\u0119ki tym danym mo\u017cemy u\u0142atwia\u0107 ka\u017cdemu u\u017cytkownikowi korzystanie ze strony i dostosowywa\u0107 j\u0105 pod jego potrzeby. Mo\u017cliwe jest zaakceptowanie wszystkich plik\u00f3w cookies, jak te\u017c zaakceptowanie tylko wybranych przez u\u017cytkownika, a nawet ich ca\u0142kowite odrzucenie. Wyb\u00f3r jakiejkolwiek z powy\u017cszych trzech opcji nie ma \u017cadnego wp\u0142ywu na dost\u0119p u\u017cytkownika do strony.<\/p>\n\n\n\n<p>Aktualnie strona nie posiada mo\u017cliwo\u015bci zak\u0142adania kont na potrzeby udzielania si\u0119 pod wiadomo\u015bciami ani artyku\u0142ami umieszczanymi na stronie. Komentarze r\u00f3wnie\u017c s\u0105 obecnie nieaktywne.<\/p>\n\n\n\n<h2 class=\"wp-block-heading\">Potencjalne zmiany<\/h2>\n\n\n\n<p>Administracja skiflyingportal zastrzega sobie prawo do dalszych zmian w polityce prywatno\u015bci. Po ka\u017cdej dokonanej zmianie w tej kwestii zaktualizowana zostanie data podana poni\u017cej.<\/p>\n\n\n\n<p><\/p>\n\n\n\n<p><em>zaktualizowano: 18 listopada 2023<\/em><\/p>\n","protected":false},"excerpt":{"rendered":"<p>Kim jeste\u015bmy? Jeste\u015bmy teamem skiflyingportal, zrzeszaj\u0105cym mi\u0142o\u015bnik\u00f3w skok\u00f3w i lot\u00f3w narciarskich z pasj\u0105 do dzielenia si\u0119 swoj\u0105 wiedz\u0105 na temat tych dyscyplin. Najwa\u017cniejsze zasady Dane statystyczne dotycz\u0105ce tej strony zbiera Google Analytics. Strona korzysta z ciasteczek (pliki typu cookies) na potrzeby identyfikacji ka\u017cdej konkretnej przegl\u0105darki u\u017cywanej podczas przegl\u0105dania tej strony. Ciasteczka umo\u017cliwiaj\u0105 zebranie informacji, jak&#8230;<\/p>\n","protected":false},"author":1,"featured_media":0,"parent":0,"menu_order":5,"comment_status":"closed","ping_status":"closed","template":"","meta":{"footnotes":""},"class_list":["post-3","page","type-page","status-publish","hentry"],"yoast_head":"<!-- This site is optimized with the Yoast SEO plugin v24.6 - https:\/\/yoast.com\/wordpress\/plugins\/seo\/ -->\n<title>Polityka prywatno\u015bci &#8226; skiflyingportal<\/title>\n<meta name=\"robots\" content=\"index, follow, max-snippet:-1, max-image-preview:large, max-video-preview:-1\" \/>\n<link rel=\"canonical\" href=\"https:\/\/skiflyingportal.com\/index.php\/privacy-policy\/\" \/>\n<meta property=\"og:locale\" content=\"pl_PL\" \/>\n<meta property=\"og:type\" content=\"article\" \/>\n<meta property=\"og:title\" content=\"Polityka prywatno\u015bci &#8226; skiflyingportal\" \/>\n<meta property=\"og:description\" content=\"Kim jeste\u015bmy? Jeste\u015bmy teamem skiflyingportal, zrzeszaj\u0105cym mi\u0142o\u015bnik\u00f3w skok\u00f3w i lot\u00f3w narciarskich z pasj\u0105 do dzielenia si\u0119 swoj\u0105 wiedz\u0105 na temat tych dyscyplin. Najwa\u017cniejsze zasady Dane statystyczne dotycz\u0105ce tej strony zbiera Google Analytics. Strona korzysta z ciasteczek (pliki typu cookies) na potrzeby identyfikacji ka\u017cdej konkretnej przegl\u0105darki u\u017cywanej podczas przegl\u0105dania tej strony. Ciasteczka umo\u017cliwiaj\u0105 zebranie informacji, jak...\" \/>\n<meta property=\"og:url\" content=\"https:\/\/skiflyingportal.com\/index.php\/privacy-policy\/\" \/>\n<meta property=\"og:site_name\" content=\"skiflyingportal\" \/>\n<meta property=\"article:publisher\" content=\"https:\/\/www.facebook.com\/skiflyingportal\" \/>\n<meta property=\"article:modified_time\" content=\"2023-11-21T12:00:07+00:00\" \/>\n<meta name=\"twitter:card\" content=\"summary_large_image\" \/>\n<meta name=\"twitter:site\" content=\"@skiflyingportal\" \/>\n<meta name=\"twitter:label1\" content=\"Szacowany czas czytania\" \/>\n\t<meta name=\"twitter:data1\" content=\"1 minuta\" \/>\n<script type=\"application\/ld+json\" class=\"yoast-schema-graph\">{\"@context\":\"https:\/\/schema.org\",\"@graph\":[{\"@type\":\"WebPage\",\"@id\":\"https:\/\/skiflyingportal.com\/index.php\/privacy-policy\/\",\"url\":\"https:\/\/skiflyingportal.com\/index.php\/privacy-policy\/\",\"name\":\"Polityka prywatno\u015bci &#8226; skiflyingportal\",\"isPartOf\":{\"@id\":\"https:\/\/skiflyingportal.com\/#website\"},\"datePublished\":\"2023-11-18T15:28:36+00:00\",\"dateModified\":\"2023-11-21T12:00:07+00:00\",\"breadcrumb\":{\"@id\":\"https:\/\/skiflyingportal.com\/index.php\/privacy-policy\/#breadcrumb\"},\"inLanguage\":\"pl-PL\",\"potentialAction\":[{\"@type\":\"ReadAction\",\"target\":[\"https:\/\/skiflyingportal.com\/index.php\/privacy-policy\/\"]}]},{\"@type\":\"BreadcrumbList\",\"@id\":\"https:\/\/skiflyingportal.com\/index.php\/privacy-policy\/#breadcrumb\",\"itemListElement\":[{\"@type\":\"ListItem\",\"position\":1,\"name\":\"Strona g\u0142\u00f3wna\",\"item\":\"https:\/\/skiflyingportal.com\/\"},{\"@type\":\"ListItem\",\"position\":2,\"name\":\"Polityka prywatno\u015bci\"}]},{\"@type\":\"WebSite\",\"@id\":\"https:\/\/skiflyingportal.com\/#website\",\"url\":\"https:\/\/skiflyingportal.com\/\",\"name\":\"skiflyingportal\",\"description\":\"o lotach narciarskich i nie tylko\",\"publisher\":{\"@id\":\"https:\/\/skiflyingportal.com\/#organization\"},\"potentialAction\":[{\"@type\":\"SearchAction\",\"target\":{\"@type\":\"EntryPoint\",\"urlTemplate\":\"https:\/\/skiflyingportal.com\/?s={search_term_string}\"},\"query-input\":{\"@type\":\"PropertyValueSpecification\",\"valueRequired\":true,\"valueName\":\"search_term_string\"}}],\"inLanguage\":\"pl-PL\"},{\"@type\":\"Organization\",\"@id\":\"https:\/\/skiflyingportal.com\/#organization\",\"name\":\"skiflyingportal\",\"url\":\"https:\/\/skiflyingportal.com\/\",\"logo\":{\"@type\":\"ImageObject\",\"inLanguage\":\"pl-PL\",\"@id\":\"https:\/\/skiflyingportal.com\/#\/schema\/logo\/image\/\",\"url\":\"https:\/\/skiflyingportal.com\/wp-content\/uploads\/2023\/11\/cropped-SKI-FLYING-2.png\",\"contentUrl\":\"https:\/\/skiflyingportal.com\/wp-content\/uploads\/2023\/11\/cropped-SKI-FLYING-2.png\",\"width\":499,\"height\":89,\"caption\":\"skiflyingportal\"},\"image\":{\"@id\":\"https:\/\/skiflyingportal.com\/#\/schema\/logo\/image\/\"},\"sameAs\":[\"https:\/\/www.facebook.com\/skiflyingportal\",\"https:\/\/x.com\/skiflyingportal\"]}]}<\/script>\n<!-- \/ Yoast SEO plugin. -->","yoast_head_json":{"title":"Polityka prywatno\u015bci &#8226; skiflyingportal","robots":{"index":"index","follow":"follow","max-snippet":"max-snippet:-1","max-image-preview":"max-image-preview:large","max-video-preview":"max-video-preview:-1"},"canonical":"https:\/\/skiflyingportal.com\/index.php\/privacy-policy\/","og_locale":"pl_PL","og_type":"article","og_title":"Polityka prywatno\u015bci &#8226; skiflyingportal","og_description":"Kim jeste\u015bmy? Jeste\u015bmy teamem skiflyingportal, zrzeszaj\u0105cym mi\u0142o\u015bnik\u00f3w skok\u00f3w i lot\u00f3w narciarskich z pasj\u0105 do dzielenia si\u0119 swoj\u0105 wiedz\u0105 na temat tych dyscyplin. Najwa\u017cniejsze zasady Dane statystyczne dotycz\u0105ce tej strony zbiera Google Analytics. Strona korzysta z ciasteczek (pliki typu cookies) na potrzeby identyfikacji ka\u017cdej konkretnej przegl\u0105darki u\u017cywanej podczas przegl\u0105dania tej strony. Ciasteczka umo\u017cliwiaj\u0105 zebranie informacji, jak...","og_url":"https:\/\/skiflyingportal.com\/index.php\/privacy-policy\/","og_site_name":"skiflyingportal","article_publisher":"https:\/\/www.facebook.com\/skiflyingportal","article_modified_time":"2023-11-21T12:00:07+00:00","twitter_card":"summary_large_image","twitter_site":"@skiflyingportal","twitter_misc":{"Szacowany czas czytania":"1 minuta"},"schema":{"@context":"https:\/\/schema.org","@graph":[{"@type":"WebPage","@id":"https:\/\/skiflyingportal.com\/index.php\/privacy-policy\/","url":"https:\/\/skiflyingportal.com\/index.php\/privacy-policy\/","name":"Polityka prywatno\u015bci &#8226; skiflyingportal","isPartOf":{"@id":"https:\/\/skiflyingportal.com\/#website"},"datePublished":"2023-11-18T15:28:36+00:00","dateModified":"2023-11-21T12:00:07+00:00","breadcrumb":{"@id":"https:\/\/skiflyingportal.com\/index.php\/privacy-policy\/#breadcrumb"},"inLanguage":"pl-PL","potentialAction":[{"@type":"ReadAction","target":["https:\/\/skiflyingportal.com\/index.php\/privacy-policy\/"]}]},{"@type":"BreadcrumbList","@id":"https:\/\/skiflyingportal.com\/index.php\/privacy-policy\/#breadcrumb","itemListElement":[{"@type":"ListItem","position":1,"name":"Strona g\u0142\u00f3wna","item":"https:\/\/skiflyingportal.com\/"},{"@type":"ListItem","position":2,"name":"Polityka prywatno\u015bci"}]},{"@type":"WebSite","@id":"https:\/\/skiflyingportal.com\/#website","url":"https:\/\/skiflyingportal.com\/","name":"skiflyingportal","description":"o lotach narciarskich i nie tylko","publisher":{"@id":"https:\/\/skiflyingportal.com\/#organization"},"potentialAction":[{"@type":"SearchAction","target":{"@type":"EntryPoint","urlTemplate":"https:\/\/skiflyingportal.com\/?s={search_term_string}"},"query-input":{"@type":"PropertyValueSpecification","valueRequired":true,"valueName":"search_term_string"}}],"inLanguage":"pl-PL"},{"@type":"Organization","@id":"https:\/\/skiflyingportal.com\/#organization","name":"skiflyingportal","url":"https:\/\/skiflyingportal.com\/","logo":{"@type":"ImageObject","inLanguage":"pl-PL","@id":"https:\/\/skiflyingportal.com\/#\/schema\/logo\/image\/","url":"https:\/\/skiflyingportal.com\/wp-content\/uploads\/2023\/11\/cropped-SKI-FLYING-2.png","contentUrl":"https:\/\/skiflyingportal.com\/wp-content\/uploads\/2023\/11\/cropped-SKI-FLYING-2.png","width":499,"height":89,"caption":"skiflyingportal"},"image":{"@id":"https:\/\/skiflyingportal.com\/#\/schema\/logo\/image\/"},"sameAs":["https:\/\/www.facebook.com\/skiflyingportal","https:\/\/x.com\/skiflyingportal"]}]}},"_links":{"self":[{"href":"https:\/\/skiflyingportal.com\/index.php\/wp-json\/wp\/v2\/pages\/3","targetHints":{"allow":["GET"]}}],"collection":[{"href":"https:\/\/skiflyingportal.com\/index.php\/wp-json\/wp\/v2\/pages"}],"about":[{"href":"https:\/\/skiflyingportal.com\/index.php\/wp-json\/wp\/v2\/types\/page"}],"author":[{"embeddable":true,"href":"https:\/\/skiflyingportal.com\/index.php\/wp-json\/wp\/v2\/users\/1"}],"replies":[{"embeddable":true,"href":"https:\/\/skiflyingportal.com\/index.php\/wp-json\/wp\/v2\/comments?post=3"}],"version-history":[{"count":1,"href":"https:\/\/skiflyingportal.com\/index.php\/wp-json\/wp\/v2\/pages\/3\/revisions"}],"predecessor-version":[{"id":11,"href":"https:\/\/skiflyingportal.com\/index.php\/wp-json\/wp\/v2\/pages\/3\/revisions\/11"}],"wp:attachment":[{"href":"https:\/\/skiflyingportal.com\/index.php\/wp-json\/wp\/v2\/media?parent=3"}],"curies":[{"name":"wp","href":"https:\/\/api.w.org\/{rel}","templated":true}]}}