{"id":48,"date":"2023-11-18T23:42:49","date_gmt":"2023-11-18T23:42:49","guid":{"rendered":"https:\/\/skiflyingportal.com\/?page_id=48"},"modified":"2025-03-30T19:53:13","modified_gmt":"2025-03-30T19:53:13","slug":"rekordy-swiata-mezczyzn","status":"publish","type":"page","link":"https:\/\/skiflyingportal.com\/index.php\/statystyki-i-rankingi\/rekordy-swiata-mezczyzn\/","title":{"rendered":"Rekordy \u015bwiata m\u0119\u017cczyzn"},"content":{"rendered":"\n<p>Poni\u017csza lista dotyczy tylko rekord\u00f3w \u015bwiata po wydzieleniu lot\u00f3w narciarskich jako odr\u0119bnej odmiany skok\u00f3w narciarskich w 1961 roku. Rekordy ustanowione przed 1961 rokiem s\u0105 zaliczane do samych skok\u00f3w narciarskich. W statystyce uwzgl\u0119dniane s\u0105 te\u017c skoki nieustane, aczkolwiek zosta\u0142y one oddzielone od pr\u00f3b uznanych za rekord.<\/p>\n\n\n\n<h2 class=\"wp-block-heading\">Rekordy \u015bwiata chronologicznie<\/h2>\n\n\n\n<p>24.02.1961 &#8211; Jo\u017ee \u0160libar &#8211; YUG &#8211; 141.0 m &#8211; Oberstdorf<\/p>\n\n\n\n<p>1.03.1962 &#8211; Peter Lesser &#8211; GDR &#8211; 141.0 m &#8211; Bad Mitterndorf<\/p>\n\n\n\n<p>14.02.1964 &#8211; Kjell Sj\u00f6berg &#8211; SWE &#8211; 141.0 m &#8211; Oberstdorf<\/p>\n\n\n\n<p>15.02.1964 &#8211; Dalibor Motejlek &#8211; TCH &#8211; 142.0 m &#8211; Oberstdorf<\/p>\n\n\n\n<p>16.02.1964 &#8211; Nilo Zandanel &#8211; ITA &#8211; 144.0 m &#8211; Oberstdorf<\/p>\n\n\n\n<p>21.03.1965 &#8211; Peter Lesser &#8211; GDR &#8211; 145.5 m &#8211; Bad Mitterndorf<\/p>\n\n\n\n<p>12.03.1966 &#8211; Bj\u00f8rn Wirkola &#8211; NOR &#8211; 145.5 m &#8211; Vikersund<\/p>\n\n\n\n<p>13.03.1966 &#8211; Bj\u00f8rn Wirkola &#8211; NOR &#8211; 146.0 m &#8211; Vikersund<\/p>\n\n\n\n<p>10.02.1967 &#8211; Lars Grini &#8211; NOR &#8211; 147.0 m &#8211; Oberstdorf<\/p>\n\n\n\n<p>10.02.1967 &#8211; Kjell Sj\u00f6berg &#8211; 148.0 m &#8211; Oberstdorf<\/p>\n\n\n\n<p>11.02.1967 &#8211; Lars Grini &#8211; NOR &#8211; 150.0 m &#8211; Oberstdorf<\/p>\n\n\n\n<p>12.03.1967 &#8211; Reinhold Bachler &#8211; AUT &#8211; 154.0 m &#8211; Vikersund<\/p>\n\n\n\n<p>21.03.1969 &#8211; Bj\u00f8rn Wirkola &#8211; NOR &#8211; 156.0 m &#8211; Planica<\/p>\n\n\n\n<p>22.03.1969 &#8211; Ji\u0159\u00ed Ra\u0161ka &#8211; TCH &#8211; 156.0 m &#8211; Planica<\/p>\n\n\n\n<p>22.03.1969 &#8211; Bj\u00f8rn Wirkola &#8211; NOR &#8211; 160.0 m &#8211; Planica<\/p>\n\n\n\n<p>22.03.1969 &#8211; Ji\u0159\u00ed Ra\u0161ka &#8211; TCH &#8211; 164.0 m &#8211; Planica<\/p>\n\n\n\n<p>23.03.1969 &#8211; Manfred Wolf &#8211; GDR &#8211; 165.0 m &#8211; Planica<\/p>\n\n\n\n<p>09.03.1973 &#8211; Heinz Wosipiwo &#8211; GDR &#8211; 169.0 m &#8211; Oberstdorf<\/p>\n\n\n\n<p>15.03.1974 &#8211; Walter Steiner &#8211; SUI &#8211; 169.0 m &#8211; Planica<\/p>\n\n\n\n<p>04.03.1976 &#8211; Geir Ove Berg &#8211; NOR &#8211; 173.0 m &#8211; Oberstdorf<\/p>\n\n\n\n<p>05.03.1976 &#8211; Anton Innauer &#8211; AUT &#8211; 174.0 m &#8211; Oberstdorf<\/p>\n\n\n\n<p>05.03.1976 &#8211; Falko Wei\u00dfpflog &#8211; GDR &#8211; 174.0 m &#8211; Oberstdorf<\/p>\n\n\n\n<p>07.03.1976 &#8211; Anton Innauer &#8211; AUT &#8211; 176.0 m &#8211; Oberstdorf<\/p>\n\n\n\n<p>18.03.1979 &#8211; Klaus Ostwald &#8211; GDR &#8211; 176.0 m &#8211; Planica<\/p>\n\n\n\n<p>27.03.1980 &#8211; Armin Kogler &#8211; AUT &#8211; 176.0 m &#8211; Harrachov<\/p>\n\n\n\n<p>26.02.1981 &#8211; Armin Kogler &#8211; AUT &#8211; 180.0 m &#8211; Oberstdorf<\/p>\n\n\n\n<p>19.03.1983 &#8211; Pavel Ploc &#8211; TCH &#8211; 181.0 m &#8211; Harrachov<\/p>\n\n\n\n<p>16.03.1984 &#8211; Matti Nyk\u00e4nen &#8211; FIN &#8211; 182.0 m &#8211; Oberstdorf<\/p>\n\n\n\n<p>16.03.1984 &#8211; Matti Nyk\u00e4nen &#8211; FIN &#8211; 182.0 m &#8211; Oberstdorf<\/p>\n\n\n\n<p>17.03.1984 &#8211; Matti Nyk\u00e4nen &#8211; FIN &#8211; 185.0 m &#8211; Oberstdorf<\/p>\n\n\n\n<p>15.03.1985 &#8211; Mike Holland &#8211; USA &#8211; 186.0 m &#8211; Planica<\/p>\n\n\n\n<p>15.03.1985 &#8211; Matti Nyk\u00e4nen &#8211; FIN &#8211; 187.0 m &#8211; Planica<\/p>\n\n\n\n<p>15.03.1985 &#8211; Matti Nyk\u00e4nen &#8211; FIN &#8211; 191.0 m &#8211; Planica<\/p>\n\n\n\n<p>09.03.1986 &#8211; Andreas Felder &#8211; AUT &#8211; 191.0 m &#8211; Bad Mitterndorf<\/p>\n\n\n\n<p>14.03.1987 &#8211; Piotr Fijas &#8211; POL &#8211; 194.0 m &#8211; Planica<\/p>\n\n\n\n<p>17.03.1994 &#8211; Martin H\u00f6llwarth &#8211; AUT &#8211; 196.0 m &#8211; Planica<\/p>\n\n\n\n<p>17.03.1994 &#8211; Toni Nieminen &#8211; FIN &#8211; 203.0 m &#8211; Planica<\/p>\n\n\n\n<p>18.03.1994 &#8211; Espen Bredesen &#8211; NOR &#8211; 209.0 m &#8211; Planica<\/p>\n\n\n\n<p>22.03.1997 &#8211; Espen Bredesen &#8211; NOR &#8211; 210.0 m &#8211; Planica<\/p>\n\n\n\n<p>22.03.1997 &#8211; Lasse Ottesen &#8211; NOR &#8211; 212.0 m &#8211; Planica<\/p>\n\n\n\n<p>19.03.1999 &#8211; Martin Schmitt &#8211; GER &#8211; 214.5 m &#8211; Planica<\/p>\n\n\n\n<p>20.03.1999 &#8211; Tommy Ingebrigtsen &#8211; NOR &#8211; 219.5 m &#8211; Planica<\/p>\n\n\n\n<p>16.03.2000 &#8211; Thomas H\u00f6rl &#8211; AUT &#8211; 224.5 m &#8211; Planica<\/p>\n\n\n\n<p>18.03.2000 &#8211; Andreas Goldberger &#8211; AUT &#8211; 225.0 m &#8211; Planica<\/p>\n\n\n\n<p>20.03.2003 &#8211; Adam Ma\u0142ysz &#8211; POL &#8211; 225.0 m &#8211; Planica<\/p>\n\n\n\n<p>20.03.2003 &#8211; Matti Hautam\u00e4ki &#8211; FIN &#8211; 227.5 m &#8211; Planica<\/p>\n\n\n\n<p>22.03.2003 &#8211; Matti Hautam\u00e4ki &#8211; FIN &#8211; 228.5 m &#8211; Planica<\/p>\n\n\n\n<p>23.03.2003 &#8211; Matti Hautam\u00e4ki &#8211; FIN &#8211; 231.0 m &#8211; Planica<\/p>\n\n\n\n<p>20.03.2005 &#8211; Tommy Ingebrigtsen &#8211; NOR &#8211; 231.0 m &#8211; Planica<\/p>\n\n\n\n<p>20.03.2005 &#8211; Bj\u00f8rn Einar Rom\u00f8ren &#8211; NOR &#8211; 234.5 m &#8211; Planica<\/p>\n\n\n\n<p>20.03.2005 &#8211; Matti Hautam\u00e4ki &#8211; FIN &#8211; 235.5 m &#8211; Planica<\/p>\n\n\n\n<p>20.03.2005 &#8211; Bj\u00f8rn Einar Rom\u00f8ren &#8211; NOR &#8211; 239.0 m &#8211; Planica<\/p>\n\n\n\n<p>11.02.2011 &#8211; Johan Remen Evensen &#8211; NOR &#8211; 243.0 m &#8211; Vikersund<\/p>\n\n\n\n<p>11.02.2011 &#8211; Johan Remen Evensen &#8211; NOR &#8211; 246.5 m &#8211; Vikersund<\/p>\n\n\n\n<p>14.02.2015 &#8211; Peter Prevc &#8211; SLO &#8211; 250.0 m &#8211; Vikersund<\/p>\n\n\n\n<p>15.02.2015 &#8211; Anders Fannemel &#8211; NOR &#8211; 251.5 m &#8211; Vikersund<\/p>\n\n\n\n<p>18.03.2017 &#8211; Robert Johansson &#8211; NOR &#8211; 252.0 m &#8211; Vikersund<\/p>\n\n\n\n<p>18.03.2017 &#8211; Stefan Kraft &#8211; AUT &#8211; 253.5 m &#8211; Vikersund<\/p>\n\n\n\n<p>30.03.2025 &#8211; Domen Prevc &#8211; SLO &#8211; 254.5 m &#8211; Planica<\/p>\n\n\n\n<hr class=\"wp-block-separator has-alpha-channel-opacity\"\/>\n\n\n\n<h2 class=\"wp-block-heading\">Rekordy nieustane chronologicznie<\/h2>\n\n\n\n<p>25.02.1961 &#8211; Wolfgang Happle &#8211; FRG &#8211; 145.0 m &#8211; Oberstdorf<\/p>\n\n\n\n<p>19.03.1965 &#8211; Bj\u00f8rn Wirkola &#8211; NOR &#8211; 144.0 m &#8211; Bad Mitterndorf<\/p>\n\n\n\n<p>20.03.1965 &#8211; Peter Lesser &#8211; GDR &#8211; 147.0 m &#8211; Bad Mitterndorf<\/p>\n\n\n\n<p>08.03.1969 &#8211; Ladislav Divila &#8211; TCH &#8211; 156.0 m &#8211; Vikersund<\/p>\n\n\n\n<p>08.03.1973 &#8211; Jochen Danneberg &#8211; GDR &#8211; 166.0 m &#8211; Oberstdorf<\/p>\n\n\n\n<p>08.03.1973 &#8211; Takao Ito &#8211; JPN &#8211; 176.0 m &#8211; Oberstdorf<\/p>\n\n\n\n<p>09.03.1973 &#8211; Walter Steiner &#8211; SUI &#8211; 175.0 m &#8211; Oberstdorf<\/p>\n\n\n\n<p>11.03.1973 &#8211; Walter Steiner &#8211; SUI &#8211; 179.0 m &#8211; Oberstdorf<\/p>\n\n\n\n<p>15.03.1974 &#8211; Walter Steiner &#8211; SUI &#8211; 177.0 m &#8211; Planica<\/p>\n\n\n\n<p>20.03.1977 &#8211; Bogdan Nor\u010di\u010d &#8211; YUG &#8211; 181.0 m &#8211; Planica<\/p>\n\n\n\n<p>17.03.1979 &#8211; Axel Zitzmann &#8211; GDR &#8211; 179.0 m &#8211; Planica<\/p>\n\n\n\n<p>13.03.1987 &#8211; Andreas Felder &#8211; AUT &#8211; 192.0 m &#8211; Planica<\/p>\n\n\n\n<p>23.03.1991 &#8211; Andr\u00e9 Kiesewetter &#8211; GER &#8211; 196.0 m &#8211; Planica<\/p>\n\n\n\n<p>17.03.1994 &#8211; Andreas Goldberger &#8211; AUT &#8211; 202.0 m &#8211; Planica<\/p>\n\n\n\n<p>18.03.1994 &#8211; Christof Duffner &#8211; GER &#8211; 207.0 m &#8211; Planica<\/p>\n\n\n\n<p>22.03.1997 &#8211; Dieter Thoma &#8211; GER &#8211; 213.0 m &#8211; Planica<\/p>\n\n\n\n<p>19.03.1999 &#8211; Martin Schmitt &#8211; GER &#8211; 219.0 m &#8211; Planica<\/p>\n\n\n\n<p>21.03.2003 &#8211; Veli-Matti Lindstr\u00f6m &#8211; FIN &#8211; 232.5 m &#8211; Planica<\/p>\n\n\n\n<p>17.03.2005 &#8211; Andreas Widh\u00f6lzl &#8211; AUT &#8211; 234.5 m &#8211; Planica<\/p>\n\n\n\n<p>20.03.2005 &#8211; Janne Ahonen &#8211; FIN &#8211; 240.0 m &#8211; Planica<\/p>\n\n\n\n<p>15.02.2015 &#8211; Dmitriy Vassiliev &#8211; RUS &#8211; 254.0 m &#8211; Vikersund<\/p>\n\n\n\n<p>16.03.2016 &#8211; Tilen Bartol &#8211; SLO &#8211; 252.0 m &#8211; Planica<\/p>\n\n\n\n<p>22.03.2018 &#8211; Gregor Schlierenzauer &#8211; AUT &#8211; 253.5 m &#8211; Planica<\/p>\n","protected":false},"excerpt":{"rendered":"<p>Poni\u017csza lista dotyczy tylko rekord\u00f3w \u015bwiata po wydzieleniu lot\u00f3w narciarskich jako odr\u0119bnej odmiany skok\u00f3w narciarskich w 1961 roku. Rekordy ustanowione przed 1961 rokiem s\u0105 zaliczane do samych skok\u00f3w narciarskich. W statystyce uwzgl\u0119dniane s\u0105 te\u017c skoki nieustane, aczkolwiek zosta\u0142y one oddzielone od pr\u00f3b uznanych za rekord. Rekordy \u015bwiata chronologicznie 24.02.1961 &#8211; Jo\u017ee \u0160libar &#8211; YUG &#8211;&#8230;<\/p>\n","protected":false},"author":1,"featured_media":0,"parent":37,"menu_order":0,"comment_status":"closed","ping_status":"closed","template":"","meta":{"footnotes":""},"class_list":["post-48","page","type-page","status-publish","hentry"],"yoast_head":"<!-- This site is optimized with the Yoast SEO plugin v24.6 - https:\/\/yoast.com\/wordpress\/plugins\/seo\/ -->\n<title>Rekordy \u015bwiata m\u0119\u017cczyzn &#8226; skiflyingportal<\/title>\n<meta name=\"robots\" content=\"index, follow, max-snippet:-1, max-image-preview:large, max-video-preview:-1\" \/>\n<link rel=\"canonical\" href=\"https:\/\/skiflyingportal.com\/index.php\/statystyki-i-rankingi\/rekordy-swiata-mezczyzn\/\" \/>\n<meta property=\"og:locale\" content=\"pl_PL\" \/>\n<meta property=\"og:type\" content=\"article\" \/>\n<meta property=\"og:title\" content=\"Rekordy \u015bwiata m\u0119\u017cczyzn &#8226; skiflyingportal\" \/>\n<meta property=\"og:description\" content=\"Poni\u017csza lista dotyczy tylko rekord\u00f3w \u015bwiata po wydzieleniu lot\u00f3w narciarskich jako odr\u0119bnej odmiany skok\u00f3w narciarskich w 1961 roku. Rekordy ustanowione przed 1961 rokiem s\u0105 zaliczane do samych skok\u00f3w narciarskich. W statystyce uwzgl\u0119dniane s\u0105 te\u017c skoki nieustane, aczkolwiek zosta\u0142y one oddzielone od pr\u00f3b uznanych za rekord. Rekordy \u015bwiata chronologicznie 24.02.1961 &#8211; Jo\u017ee \u0160libar &#8211; YUG &#8211;...\" \/>\n<meta property=\"og:url\" content=\"https:\/\/skiflyingportal.com\/index.php\/statystyki-i-rankingi\/rekordy-swiata-mezczyzn\/\" \/>\n<meta property=\"og:site_name\" content=\"skiflyingportal\" \/>\n<meta property=\"article:publisher\" content=\"https:\/\/www.facebook.com\/skiflyingportal\" \/>\n<meta property=\"article:modified_time\" content=\"2025-03-30T19:53:13+00:00\" \/>\n<meta name=\"twitter:card\" content=\"summary_large_image\" \/>\n<meta name=\"twitter:site\" content=\"@skiflyingportal\" \/>\n<meta name=\"twitter:label1\" content=\"Szacowany czas czytania\" \/>\n\t<meta name=\"twitter:data1\" content=\"4 minuty\" \/>\n<script type=\"application\/ld+json\" class=\"yoast-schema-graph\">{\"@context\":\"https:\/\/schema.org\",\"@graph\":[{\"@type\":\"WebPage\",\"@id\":\"https:\/\/skiflyingportal.com\/index.php\/statystyki-i-rankingi\/rekordy-swiata-mezczyzn\/\",\"url\":\"https:\/\/skiflyingportal.com\/index.php\/statystyki-i-rankingi\/rekordy-swiata-mezczyzn\/\",\"name\":\"Rekordy \u015bwiata m\u0119\u017cczyzn &#8226; skiflyingportal\",\"isPartOf\":{\"@id\":\"https:\/\/skiflyingportal.com\/#website\"},\"datePublished\":\"2023-11-18T23:42:49+00:00\",\"dateModified\":\"2025-03-30T19:53:13+00:00\",\"breadcrumb\":{\"@id\":\"https:\/\/skiflyingportal.com\/index.php\/statystyki-i-rankingi\/rekordy-swiata-mezczyzn\/#breadcrumb\"},\"inLanguage\":\"pl-PL\",\"potentialAction\":[{\"@type\":\"ReadAction\",\"target\":[\"https:\/\/skiflyingportal.com\/index.php\/statystyki-i-rankingi\/rekordy-swiata-mezczyzn\/\"]}]},{\"@type\":\"BreadcrumbList\",\"@id\":\"https:\/\/skiflyingportal.com\/index.php\/statystyki-i-rankingi\/rekordy-swiata-mezczyzn\/#breadcrumb\",\"itemListElement\":[{\"@type\":\"ListItem\",\"position\":1,\"name\":\"Strona g\u0142\u00f3wna\",\"item\":\"https:\/\/skiflyingportal.com\/\"},{\"@type\":\"ListItem\",\"position\":2,\"name\":\"Statystyki i rankingi\",\"item\":\"https:\/\/skiflyingportal.com\/index.php\/statystyki-i-rankingi\/\"},{\"@type\":\"ListItem\",\"position\":3,\"name\":\"Rekordy \u015bwiata m\u0119\u017cczyzn\"}]},{\"@type\":\"WebSite\",\"@id\":\"https:\/\/skiflyingportal.com\/#website\",\"url\":\"https:\/\/skiflyingportal.com\/\",\"name\":\"skiflyingportal\",\"description\":\"o lotach narciarskich i nie tylko\",\"publisher\":{\"@id\":\"https:\/\/skiflyingportal.com\/#organization\"},\"potentialAction\":[{\"@type\":\"SearchAction\",\"target\":{\"@type\":\"EntryPoint\",\"urlTemplate\":\"https:\/\/skiflyingportal.com\/?s={search_term_string}\"},\"query-input\":{\"@type\":\"PropertyValueSpecification\",\"valueRequired\":true,\"valueName\":\"search_term_string\"}}],\"inLanguage\":\"pl-PL\"},{\"@type\":\"Organization\",\"@id\":\"https:\/\/skiflyingportal.com\/#organization\",\"name\":\"skiflyingportal\",\"url\":\"https:\/\/skiflyingportal.com\/\",\"logo\":{\"@type\":\"ImageObject\",\"inLanguage\":\"pl-PL\",\"@id\":\"https:\/\/skiflyingportal.com\/#\/schema\/logo\/image\/\",\"url\":\"https:\/\/skiflyingportal.com\/wp-content\/uploads\/2023\/11\/cropped-SKI-FLYING-2.png\",\"contentUrl\":\"https:\/\/skiflyingportal.com\/wp-content\/uploads\/2023\/11\/cropped-SKI-FLYING-2.png\",\"width\":499,\"height\":89,\"caption\":\"skiflyingportal\"},\"image\":{\"@id\":\"https:\/\/skiflyingportal.com\/#\/schema\/logo\/image\/\"},\"sameAs\":[\"https:\/\/www.facebook.com\/skiflyingportal\",\"https:\/\/x.com\/skiflyingportal\"]}]}<\/script>\n<!-- \/ Yoast SEO plugin. -->","yoast_head_json":{"title":"Rekordy \u015bwiata m\u0119\u017cczyzn &#8226; skiflyingportal","robots":{"index":"index","follow":"follow","max-snippet":"max-snippet:-1","max-image-preview":"max-image-preview:large","max-video-preview":"max-video-preview:-1"},"canonical":"https:\/\/skiflyingportal.com\/index.php\/statystyki-i-rankingi\/rekordy-swiata-mezczyzn\/","og_locale":"pl_PL","og_type":"article","og_title":"Rekordy \u015bwiata m\u0119\u017cczyzn &#8226; skiflyingportal","og_description":"Poni\u017csza lista dotyczy tylko rekord\u00f3w \u015bwiata po wydzieleniu lot\u00f3w narciarskich jako odr\u0119bnej odmiany skok\u00f3w narciarskich w 1961 roku. Rekordy ustanowione przed 1961 rokiem s\u0105 zaliczane do samych skok\u00f3w narciarskich. W statystyce uwzgl\u0119dniane s\u0105 te\u017c skoki nieustane, aczkolwiek zosta\u0142y one oddzielone od pr\u00f3b uznanych za rekord. Rekordy \u015bwiata chronologicznie 24.02.1961 &#8211; Jo\u017ee \u0160libar &#8211; YUG &#8211;...","og_url":"https:\/\/skiflyingportal.com\/index.php\/statystyki-i-rankingi\/rekordy-swiata-mezczyzn\/","og_site_name":"skiflyingportal","article_publisher":"https:\/\/www.facebook.com\/skiflyingportal","article_modified_time":"2025-03-30T19:53:13+00:00","twitter_card":"summary_large_image","twitter_site":"@skiflyingportal","twitter_misc":{"Szacowany czas czytania":"4 minuty"},"schema":{"@context":"https:\/\/schema.org","@graph":[{"@type":"WebPage","@id":"https:\/\/skiflyingportal.com\/index.php\/statystyki-i-rankingi\/rekordy-swiata-mezczyzn\/","url":"https:\/\/skiflyingportal.com\/index.php\/statystyki-i-rankingi\/rekordy-swiata-mezczyzn\/","name":"Rekordy \u015bwiata m\u0119\u017cczyzn &#8226; skiflyingportal","isPartOf":{"@id":"https:\/\/skiflyingportal.com\/#website"},"datePublished":"2023-11-18T23:42:49+00:00","dateModified":"2025-03-30T19:53:13+00:00","breadcrumb":{"@id":"https:\/\/skiflyingportal.com\/index.php\/statystyki-i-rankingi\/rekordy-swiata-mezczyzn\/#breadcrumb"},"inLanguage":"pl-PL","potentialAction":[{"@type":"ReadAction","target":["https:\/\/skiflyingportal.com\/index.php\/statystyki-i-rankingi\/rekordy-swiata-mezczyzn\/"]}]},{"@type":"BreadcrumbList","@id":"https:\/\/skiflyingportal.com\/index.php\/statystyki-i-rankingi\/rekordy-swiata-mezczyzn\/#breadcrumb","itemListElement":[{"@type":"ListItem","position":1,"name":"Strona g\u0142\u00f3wna","item":"https:\/\/skiflyingportal.com\/"},{"@type":"ListItem","position":2,"name":"Statystyki i rankingi","item":"https:\/\/skiflyingportal.com\/index.php\/statystyki-i-rankingi\/"},{"@type":"ListItem","position":3,"name":"Rekordy \u015bwiata m\u0119\u017cczyzn"}]},{"@type":"WebSite","@id":"https:\/\/skiflyingportal.com\/#website","url":"https:\/\/skiflyingportal.com\/","name":"skiflyingportal","description":"o lotach narciarskich i nie tylko","publisher":{"@id":"https:\/\/skiflyingportal.com\/#organization"},"potentialAction":[{"@type":"SearchAction","target":{"@type":"EntryPoint","urlTemplate":"https:\/\/skiflyingportal.com\/?s={search_term_string}"},"query-input":{"@type":"PropertyValueSpecification","valueRequired":true,"valueName":"search_term_string"}}],"inLanguage":"pl-PL"},{"@type":"Organization","@id":"https:\/\/skiflyingportal.com\/#organization","name":"skiflyingportal","url":"https:\/\/skiflyingportal.com\/","logo":{"@type":"ImageObject","inLanguage":"pl-PL","@id":"https:\/\/skiflyingportal.com\/#\/schema\/logo\/image\/","url":"https:\/\/skiflyingportal.com\/wp-content\/uploads\/2023\/11\/cropped-SKI-FLYING-2.png","contentUrl":"https:\/\/skiflyingportal.com\/wp-content\/uploads\/2023\/11\/cropped-SKI-FLYING-2.png","width":499,"height":89,"caption":"skiflyingportal"},"image":{"@id":"https:\/\/skiflyingportal.com\/#\/schema\/logo\/image\/"},"sameAs":["https:\/\/www.facebook.com\/skiflyingportal","https:\/\/x.com\/skiflyingportal"]}]}},"_links":{"self":[{"href":"https:\/\/skiflyingportal.com\/index.php\/wp-json\/wp\/v2\/pages\/48","targetHints":{"allow":["GET"]}}],"collection":[{"href":"https:\/\/skiflyingportal.com\/index.php\/wp-json\/wp\/v2\/pages"}],"about":[{"href":"https:\/\/skiflyingportal.com\/index.php\/wp-json\/wp\/v2\/types\/page"}],"author":[{"embeddable":true,"href":"https:\/\/skiflyingportal.com\/index.php\/wp-json\/wp\/v2\/users\/1"}],"replies":[{"embeddable":true,"href":"https:\/\/skiflyingportal.com\/index.php\/wp-json\/wp\/v2\/comments?post=48"}],"version-history":[{"count":8,"href":"https:\/\/skiflyingportal.com\/index.php\/wp-json\/wp\/v2\/pages\/48\/revisions"}],"predecessor-version":[{"id":464,"href":"https:\/\/skiflyingportal.com\/index.php\/wp-json\/wp\/v2\/pages\/48\/revisions\/464"}],"up":[{"embeddable":true,"href":"https:\/\/skiflyingportal.com\/index.php\/wp-json\/wp\/v2\/pages\/37"}],"wp:attachment":[{"href":"https:\/\/skiflyingportal.com\/index.php\/wp-json\/wp\/v2\/media?parent=48"}],"curies":[{"name":"wp","href":"https:\/\/api.w.org\/{rel}","templated":true}]}}