{"id":64,"date":"2023-11-19T13:36:40","date_gmt":"2023-11-19T13:36:40","guid":{"rendered":"https:\/\/skiflyingportal.com\/?page_id=64"},"modified":"2023-11-23T12:07:01","modified_gmt":"2023-11-23T12:07:01","slug":"medalisci-ms-w-lotach","status":"publish","type":"page","link":"https:\/\/skiflyingportal.com\/index.php\/statystyki-i-rankingi\/medalisci-ms-w-lotach\/","title":{"rendered":"Medali\u015bci M\u015a w lotach"},"content":{"rendered":"\n<p>Poni\u017cej kompletna lista medalist\u00f3w Mistrzostw \u015awiata w lotach narciarskich.<\/p>\n\n\n\n<h2 class=\"wp-block-heading\">1972 &#8211; Planica (26 marca)<\/h2>\n\n\n\n<ol class=\"wp-block-list\">\n<li>Walter Steiner &#8211; SUI<\/li>\n\n\n\n<li>Heinz Wossipiwo &#8211; GDR<\/li>\n\n\n\n<li>Ji\u0159\u00ed Ra\u0161ka &#8211; TCH<\/li>\n<\/ol>\n\n\n\n<h2 class=\"wp-block-heading\">1973 &#8211; Oberstdorf (11 marca)<\/h2>\n\n\n\n<ol class=\"wp-block-list\">\n<li>Hans-Georg Aschenbach &#8211; GDR<\/li>\n\n\n\n<li>Walter Steiner &#8211; SUI<\/li>\n\n\n\n<li>Karel Kodej\u0161ka &#8211; TCH<\/li>\n<\/ol>\n\n\n\n<h2 class=\"wp-block-heading\">1975 &#8211; Bad Mitterndorf (14 marca)<\/h2>\n\n\n\n<ol class=\"wp-block-list\">\n<li>Karel Kodej\u0161ka &#8211; TCH<\/li>\n\n\n\n<li>Rainer Schmidt &#8211; GDR<\/li>\n\n\n\n<li>Karl Schnabl &#8211; AUT<\/li>\n<\/ol>\n\n\n\n<h2 class=\"wp-block-heading\">1977 &#8211; Vikersund (18 lutego)<\/h2>\n\n\n\n<ol class=\"wp-block-list\">\n<li>Walter Steiner &#8211; SUI<\/li>\n\n\n\n<li>Anton Innauer &#8211; AUT<\/li>\n\n\n\n<li>Henry Gla\u00df &#8211; GDR<\/li>\n<\/ol>\n\n\n\n<h2 class=\"wp-block-heading\">1979 &#8211; Planica (17-18 marca)<\/h2>\n\n\n\n<ol class=\"wp-block-list\">\n<li>Armin Kogler &#8211; AUT<\/li>\n\n\n\n<li>Axel Zitzmann &#8211; GDR<\/li>\n\n\n\n<li>Piotr Fijas &#8211; POL<\/li>\n<\/ol>\n\n\n\n<h2 class=\"wp-block-heading\">1981 &#8211; Oberstdorf (27 lutego)<\/h2>\n\n\n\n<ol class=\"wp-block-list\">\n<li>Jari Puikkonen &#8211; FIN<\/li>\n\n\n\n<li>Armin Kogler &#8211; AUT<\/li>\n\n\n\n<li>Tom Levorstad &#8211; NOR<\/li>\n<\/ol>\n\n\n\n<h2 class=\"wp-block-heading\">1983 &#8211; Harrachov (18-20 marca)<\/h2>\n\n\n\n<ol class=\"wp-block-list\">\n<li>Klaus Ostwald &#8211; GDR<\/li>\n\n\n\n<li>Pavel Ploc &#8211; TCH<\/li>\n\n\n\n<li>Matti Nyk\u00e4nen &#8211; FIN<\/li>\n<\/ol>\n\n\n\n<h2 class=\"wp-block-heading\">1985 &#8211; Planica (16-17 marca)<\/h2>\n\n\n\n<ol class=\"wp-block-list\">\n<li>Matti Nyk\u00e4nen &#8211; FIN<\/li>\n\n\n\n<li>Jens Wei\u00dfflog &#8211; GDR<\/li>\n\n\n\n<li>Pavel Ploc &#8211; TCH<\/li>\n<\/ol>\n\n\n\n<h2 class=\"wp-block-heading\">1986 &#8211; Bad Mitterndorf (8-9 marca)<\/h2>\n\n\n\n<ol class=\"wp-block-list\">\n<li>Andreas Felder &#8211; AUT<\/li>\n\n\n\n<li>Franz Neul\u00e4ndtner &#8211; AUT<\/li>\n\n\n\n<li>Matti Nyk\u00e4nen &#8211; FIN<\/li>\n<\/ol>\n\n\n\n<h2 class=\"wp-block-heading\">1988 &#8211; Oberstdorf (13 marca)<\/h2>\n\n\n\n<ol class=\"wp-block-list\">\n<li>Ole Gunnar Fidjest\u00f8l &#8211; NOR<\/li>\n\n\n\n<li>Primo\u017e Ulaga &#8211; YUG<\/li>\n\n\n\n<li>Matti Nyk\u00e4nen &#8211; FIN<\/li>\n<\/ol>\n\n\n\n<h2 class=\"wp-block-heading\">1990 &#8211; Vikersund (25 lutego)<\/h2>\n\n\n\n<ol class=\"wp-block-list\">\n<li>Dieter Thoma &#8211; FRG<\/li>\n\n\n\n<li>Matti Nyk\u00e4nen &#8211; FIN<\/li>\n\n\n\n<li>Jens Wei\u00dfflog &#8211; GDR<\/li>\n<\/ol>\n\n\n\n<h2 class=\"wp-block-heading\">1992 &#8211; Harrachov (21 marca)<\/h2>\n\n\n\n<ol class=\"wp-block-list\">\n<li>Noriaki Kasai &#8211; JPN<\/li>\n\n\n\n<li>Andreas Goldberger &#8211; AUT<\/li>\n\n\n\n<li>Roberto Cecon &#8211; ITA<\/li>\n<\/ol>\n\n\n\n<h2 class=\"wp-block-heading\">1994 &#8211; Planica (20 marca)<\/h2>\n\n\n\n<ol class=\"wp-block-list\">\n<li>Jaroslav Sakala &#8211; CZE<\/li>\n\n\n\n<li>Espen Bredesen &#8211; NOR<\/li>\n\n\n\n<li>Roberto Cecon &#8211; ITA<\/li>\n<\/ol>\n\n\n\n<h2 class=\"wp-block-heading\">1996 &#8211; Bad Mitterndorf (10-11 lutego)<\/h2>\n\n\n\n<ol class=\"wp-block-list\">\n<li>Andreas Goldberger &#8211; AUT<\/li>\n\n\n\n<li>Janne Ahonen &#8211; FIN<\/li>\n\n\n\n<li>Urban Franc &#8211; SLO<\/li>\n<\/ol>\n\n\n\n<h2 class=\"wp-block-heading\">1998 &#8211; Oberstdorf (24-25 stycznia)<\/h2>\n\n\n\n<ol class=\"wp-block-list\">\n<li>Kazuyoshi Funaki &#8211; JPN<\/li>\n\n\n\n<li>Sven Hannawald &#8211; GER<\/li>\n\n\n\n<li>Dieter Thoma &#8211; GER<\/li>\n<\/ol>\n\n\n\n<h2 class=\"wp-block-heading\">2000 &#8211; Vikersund (14 lutego)<\/h2>\n\n\n\n<ol class=\"wp-block-list\">\n<li>Sven Hannawald &#8211; GER<\/li>\n\n\n\n<li>Andreas Widh\u00f6lzl &#8211; AUT<\/li>\n\n\n\n<li>Janne Ahonen &#8211; FIN<\/li>\n<\/ol>\n\n\n\n<h2 class=\"wp-block-heading\">2002 &#8211; Harrachov (9 marca)<\/h2>\n\n\n\n<ol class=\"wp-block-list\">\n<li>Sven Hannawald &#8211; GER<\/li>\n\n\n\n<li>Martin Schmitt &#8211; GER<\/li>\n\n\n\n<li>Matti Hautam\u00e4ki &#8211; FIN<\/li>\n<\/ol>\n\n\n\n<h2 class=\"wp-block-heading\">2004 &#8211; Planica (20-22 lutego)<\/h2>\n\n\n\n<ol class=\"wp-block-list\">\n<li>Roar Lj\u00f8kels\u00f8y &#8211; NOR<\/li>\n\n\n\n<li>Janne Ahonen &#8211; FIN<\/li>\n\n\n\n<li>Tami Kiuru &#8211; FIN<\/li>\n<\/ol>\n\n\n\n<h2 class=\"wp-block-heading\">2006 &#8211; Bad Mitterndorf (13-15 stycznia)<\/h2>\n\n\n\n<ol class=\"wp-block-list\">\n<li>Roar Lj\u00f8kels\u00f8y &#8211; NOR<\/li>\n\n\n\n<li>Andreas Widh\u00f6lzl &#8211; AUT<\/li>\n\n\n\n<li>Thomas Morgenstern &#8211; AUT<\/li>\n<\/ol>\n\n\n\n<h2 class=\"wp-block-heading\">2008 &#8211; Oberstdorf (22-24 lutego)<\/h2>\n\n\n\n<ol class=\"wp-block-list\">\n<li>Gregor Schlierenzauer &#8211; AUT<\/li>\n\n\n\n<li>Martin Koch &#8211; AUT<\/li>\n\n\n\n<li>Janne Ahonen &#8211; FIN<\/li>\n<\/ol>\n\n\n\n<h2 class=\"wp-block-heading\">2010 &#8211; Planica (19-21 marca)<\/h2>\n\n\n\n<ol class=\"wp-block-list\">\n<li>Simon Ammann &#8211; SUI<\/li>\n\n\n\n<li>Gregor Schlierenzauer &#8211; AUT<\/li>\n\n\n\n<li>Anders Jacobsen &#8211; NOR<\/li>\n<\/ol>\n\n\n\n<h2 class=\"wp-block-heading\">2012 &#8211; Vikersund (25-26 lutego)<\/h2>\n\n\n\n<ol class=\"wp-block-list\">\n<li>Robert Kranjec &#8211; SLO<\/li>\n\n\n\n<li>Rune Velta &#8211; NOR<\/li>\n\n\n\n<li>Martin Koch &#8211; AUT<\/li>\n<\/ol>\n\n\n\n<h2 class=\"wp-block-heading\">2014 &#8211; Harrachov (14 marca)<\/h2>\n\n\n\n<ol class=\"wp-block-list\">\n<li>Severin Freund &#8211; GER<\/li>\n\n\n\n<li>Anders Bardal &#8211; NOR<\/li>\n\n\n\n<li>Peter Prevc &#8211; SLO<\/li>\n<\/ol>\n\n\n\n<h2 class=\"wp-block-heading\">2016 &#8211; Bad Mitterndorf (15-17 stycznia)<\/h2>\n\n\n\n<ol class=\"wp-block-list\">\n<li>Peter Prevc &#8211; SLO<\/li>\n\n\n\n<li>Kenneth Gangnes &#8211; NOR<\/li>\n\n\n\n<li>Stefan Kraft &#8211; AUT<\/li>\n<\/ol>\n\n\n\n<h2 class=\"wp-block-heading\">2018 &#8211; Oberstdorf (19-21 stycznia)<\/h2>\n\n\n\n<ol class=\"wp-block-list\">\n<li>Daniel-Andr\u00e9 Tande &#8211; NOR<\/li>\n\n\n\n<li>Kamil Stoch &#8211; POL<\/li>\n\n\n\n<li>Richard Freitag &#8211; GER<\/li>\n<\/ol>\n\n\n\n<h2 class=\"wp-block-heading\">2020 &#8211; Planica (11-13 grudnia)<\/h2>\n\n\n\n<ol class=\"wp-block-list\">\n<li>Karl Geiger &#8211; GER<\/li>\n\n\n\n<li>Halvor Egner Granerud &#8211; NOR<\/li>\n\n\n\n<li>Markus Eisenbichler &#8211; GER<\/li>\n<\/ol>\n\n\n\n<h2 class=\"wp-block-heading\">2022 &#8211; Vikersund (11-13 marca)<\/h2>\n\n\n\n<ol class=\"wp-block-list\">\n<li>Marius Lindvik &#8211; NOR<\/li>\n\n\n\n<li>Timi Zajc &#8211; SLO<\/li>\n\n\n\n<li>Stefan Kraft &#8211; AUT<\/li>\n<\/ol>\n\n\n\n<h2 class=\"wp-block-heading\">2024 &#8211; Bad Mitterndorf (26-28 stycznia)<\/h2>\n\n\n\n<ol class=\"wp-block-list\">\n<li>???<\/li>\n\n\n\n<li>???<\/li>\n\n\n\n<li>???<\/li>\n<\/ol>\n\n\n\n<h2 class=\"wp-block-heading\">2026 &#8211; Oberstdorf (???)<\/h2>\n\n\n\n<ol class=\"wp-block-list\">\n<li>???<\/li>\n\n\n\n<li>???<\/li>\n\n\n\n<li>???<\/li>\n<\/ol>\n\n\n\n<p>Daty podane obok miejsc zmaga\u0144 to daty, podczas kt\u00f3rych oddano skoki licz\u0105ce si\u0119 do rywalizacji w ramach Mistrzostw \u015awiata. Treningi oraz kwalifikacje nie zosta\u0142y uwzgl\u0119dnione.<\/p>\n","protected":false},"excerpt":{"rendered":"<p>Poni\u017cej kompletna lista medalist\u00f3w Mistrzostw \u015awiata w lotach narciarskich. 1972 &#8211; Planica (26 marca) 1973 &#8211; Oberstdorf (11 marca) 1975 &#8211; Bad Mitterndorf (14 marca) 1977 &#8211; Vikersund (18 lutego) 1979 &#8211; Planica (17-18 marca) 1981 &#8211; Oberstdorf (27 lutego) 1983 &#8211; Harrachov (18-20 marca) 1985 &#8211; Planica (16-17 marca) 1986 &#8211; Bad Mitterndorf (8-9&#8230;<\/p>\n","protected":false},"author":1,"featured_media":0,"parent":37,"menu_order":0,"comment_status":"closed","ping_status":"closed","template":"","meta":{"footnotes":""},"class_list":["post-64","page","type-page","status-publish","hentry"],"yoast_head":"<!-- This site is optimized with the Yoast SEO plugin v24.6 - https:\/\/yoast.com\/wordpress\/plugins\/seo\/ -->\n<title>Medali\u015bci M\u015a w lotach &#8226; skiflyingportal<\/title>\n<meta name=\"robots\" content=\"index, follow, max-snippet:-1, max-image-preview:large, max-video-preview:-1\" \/>\n<link rel=\"canonical\" href=\"https:\/\/skiflyingportal.com\/index.php\/statystyki-i-rankingi\/medalisci-ms-w-lotach\/\" \/>\n<meta property=\"og:locale\" content=\"pl_PL\" \/>\n<meta property=\"og:type\" content=\"article\" \/>\n<meta property=\"og:title\" content=\"Medali\u015bci M\u015a w lotach &#8226; skiflyingportal\" \/>\n<meta property=\"og:description\" content=\"Poni\u017cej kompletna lista medalist\u00f3w Mistrzostw \u015awiata w lotach narciarskich. 1972 &#8211; Planica (26 marca) 1973 &#8211; Oberstdorf (11 marca) 1975 &#8211; Bad Mitterndorf (14 marca) 1977 &#8211; Vikersund (18 lutego) 1979 &#8211; Planica (17-18 marca) 1981 &#8211; Oberstdorf (27 lutego) 1983 &#8211; Harrachov (18-20 marca) 1985 &#8211; Planica (16-17 marca) 1986 &#8211; Bad Mitterndorf (8-9...\" \/>\n<meta property=\"og:url\" content=\"https:\/\/skiflyingportal.com\/index.php\/statystyki-i-rankingi\/medalisci-ms-w-lotach\/\" \/>\n<meta property=\"og:site_name\" content=\"skiflyingportal\" \/>\n<meta property=\"article:publisher\" content=\"https:\/\/www.facebook.com\/skiflyingportal\" \/>\n<meta property=\"article:modified_time\" content=\"2023-11-23T12:07:01+00:00\" \/>\n<meta name=\"twitter:card\" content=\"summary_large_image\" \/>\n<meta name=\"twitter:site\" content=\"@skiflyingportal\" \/>\n<meta name=\"twitter:label1\" content=\"Szacowany czas czytania\" \/>\n\t<meta name=\"twitter:data1\" content=\"3 minuty\" \/>\n<script type=\"application\/ld+json\" class=\"yoast-schema-graph\">{\"@context\":\"https:\/\/schema.org\",\"@graph\":[{\"@type\":\"WebPage\",\"@id\":\"https:\/\/skiflyingportal.com\/index.php\/statystyki-i-rankingi\/medalisci-ms-w-lotach\/\",\"url\":\"https:\/\/skiflyingportal.com\/index.php\/statystyki-i-rankingi\/medalisci-ms-w-lotach\/\",\"name\":\"Medali\u015bci M\u015a w lotach &#8226; skiflyingportal\",\"isPartOf\":{\"@id\":\"https:\/\/skiflyingportal.com\/#website\"},\"datePublished\":\"2023-11-19T13:36:40+00:00\",\"dateModified\":\"2023-11-23T12:07:01+00:00\",\"breadcrumb\":{\"@id\":\"https:\/\/skiflyingportal.com\/index.php\/statystyki-i-rankingi\/medalisci-ms-w-lotach\/#breadcrumb\"},\"inLanguage\":\"pl-PL\",\"potentialAction\":[{\"@type\":\"ReadAction\",\"target\":[\"https:\/\/skiflyingportal.com\/index.php\/statystyki-i-rankingi\/medalisci-ms-w-lotach\/\"]}]},{\"@type\":\"BreadcrumbList\",\"@id\":\"https:\/\/skiflyingportal.com\/index.php\/statystyki-i-rankingi\/medalisci-ms-w-lotach\/#breadcrumb\",\"itemListElement\":[{\"@type\":\"ListItem\",\"position\":1,\"name\":\"Strona g\u0142\u00f3wna\",\"item\":\"https:\/\/skiflyingportal.com\/\"},{\"@type\":\"ListItem\",\"position\":2,\"name\":\"Statystyki i rankingi\",\"item\":\"https:\/\/skiflyingportal.com\/index.php\/statystyki-i-rankingi\/\"},{\"@type\":\"ListItem\",\"position\":3,\"name\":\"Medali\u015bci M\u015a w lotach\"}]},{\"@type\":\"WebSite\",\"@id\":\"https:\/\/skiflyingportal.com\/#website\",\"url\":\"https:\/\/skiflyingportal.com\/\",\"name\":\"skiflyingportal\",\"description\":\"o lotach narciarskich i nie tylko\",\"publisher\":{\"@id\":\"https:\/\/skiflyingportal.com\/#organization\"},\"potentialAction\":[{\"@type\":\"SearchAction\",\"target\":{\"@type\":\"EntryPoint\",\"urlTemplate\":\"https:\/\/skiflyingportal.com\/?s={search_term_string}\"},\"query-input\":{\"@type\":\"PropertyValueSpecification\",\"valueRequired\":true,\"valueName\":\"search_term_string\"}}],\"inLanguage\":\"pl-PL\"},{\"@type\":\"Organization\",\"@id\":\"https:\/\/skiflyingportal.com\/#organization\",\"name\":\"skiflyingportal\",\"url\":\"https:\/\/skiflyingportal.com\/\",\"logo\":{\"@type\":\"ImageObject\",\"inLanguage\":\"pl-PL\",\"@id\":\"https:\/\/skiflyingportal.com\/#\/schema\/logo\/image\/\",\"url\":\"https:\/\/skiflyingportal.com\/wp-content\/uploads\/2023\/11\/cropped-SKI-FLYING-2.png\",\"contentUrl\":\"https:\/\/skiflyingportal.com\/wp-content\/uploads\/2023\/11\/cropped-SKI-FLYING-2.png\",\"width\":499,\"height\":89,\"caption\":\"skiflyingportal\"},\"image\":{\"@id\":\"https:\/\/skiflyingportal.com\/#\/schema\/logo\/image\/\"},\"sameAs\":[\"https:\/\/www.facebook.com\/skiflyingportal\",\"https:\/\/x.com\/skiflyingportal\"]}]}<\/script>\n<!-- \/ Yoast SEO plugin. -->","yoast_head_json":{"title":"Medali\u015bci M\u015a w lotach &#8226; skiflyingportal","robots":{"index":"index","follow":"follow","max-snippet":"max-snippet:-1","max-image-preview":"max-image-preview:large","max-video-preview":"max-video-preview:-1"},"canonical":"https:\/\/skiflyingportal.com\/index.php\/statystyki-i-rankingi\/medalisci-ms-w-lotach\/","og_locale":"pl_PL","og_type":"article","og_title":"Medali\u015bci M\u015a w lotach &#8226; skiflyingportal","og_description":"Poni\u017cej kompletna lista medalist\u00f3w Mistrzostw \u015awiata w lotach narciarskich. 1972 &#8211; Planica (26 marca) 1973 &#8211; Oberstdorf (11 marca) 1975 &#8211; Bad Mitterndorf (14 marca) 1977 &#8211; Vikersund (18 lutego) 1979 &#8211; Planica (17-18 marca) 1981 &#8211; Oberstdorf (27 lutego) 1983 &#8211; Harrachov (18-20 marca) 1985 &#8211; Planica (16-17 marca) 1986 &#8211; Bad Mitterndorf (8-9...","og_url":"https:\/\/skiflyingportal.com\/index.php\/statystyki-i-rankingi\/medalisci-ms-w-lotach\/","og_site_name":"skiflyingportal","article_publisher":"https:\/\/www.facebook.com\/skiflyingportal","article_modified_time":"2023-11-23T12:07:01+00:00","twitter_card":"summary_large_image","twitter_site":"@skiflyingportal","twitter_misc":{"Szacowany czas czytania":"3 minuty"},"schema":{"@context":"https:\/\/schema.org","@graph":[{"@type":"WebPage","@id":"https:\/\/skiflyingportal.com\/index.php\/statystyki-i-rankingi\/medalisci-ms-w-lotach\/","url":"https:\/\/skiflyingportal.com\/index.php\/statystyki-i-rankingi\/medalisci-ms-w-lotach\/","name":"Medali\u015bci M\u015a w lotach &#8226; skiflyingportal","isPartOf":{"@id":"https:\/\/skiflyingportal.com\/#website"},"datePublished":"2023-11-19T13:36:40+00:00","dateModified":"2023-11-23T12:07:01+00:00","breadcrumb":{"@id":"https:\/\/skiflyingportal.com\/index.php\/statystyki-i-rankingi\/medalisci-ms-w-lotach\/#breadcrumb"},"inLanguage":"pl-PL","potentialAction":[{"@type":"ReadAction","target":["https:\/\/skiflyingportal.com\/index.php\/statystyki-i-rankingi\/medalisci-ms-w-lotach\/"]}]},{"@type":"BreadcrumbList","@id":"https:\/\/skiflyingportal.com\/index.php\/statystyki-i-rankingi\/medalisci-ms-w-lotach\/#breadcrumb","itemListElement":[{"@type":"ListItem","position":1,"name":"Strona g\u0142\u00f3wna","item":"https:\/\/skiflyingportal.com\/"},{"@type":"ListItem","position":2,"name":"Statystyki i rankingi","item":"https:\/\/skiflyingportal.com\/index.php\/statystyki-i-rankingi\/"},{"@type":"ListItem","position":3,"name":"Medali\u015bci M\u015a w lotach"}]},{"@type":"WebSite","@id":"https:\/\/skiflyingportal.com\/#website","url":"https:\/\/skiflyingportal.com\/","name":"skiflyingportal","description":"o lotach narciarskich i nie tylko","publisher":{"@id":"https:\/\/skiflyingportal.com\/#organization"},"potentialAction":[{"@type":"SearchAction","target":{"@type":"EntryPoint","urlTemplate":"https:\/\/skiflyingportal.com\/?s={search_term_string}"},"query-input":{"@type":"PropertyValueSpecification","valueRequired":true,"valueName":"search_term_string"}}],"inLanguage":"pl-PL"},{"@type":"Organization","@id":"https:\/\/skiflyingportal.com\/#organization","name":"skiflyingportal","url":"https:\/\/skiflyingportal.com\/","logo":{"@type":"ImageObject","inLanguage":"pl-PL","@id":"https:\/\/skiflyingportal.com\/#\/schema\/logo\/image\/","url":"https:\/\/skiflyingportal.com\/wp-content\/uploads\/2023\/11\/cropped-SKI-FLYING-2.png","contentUrl":"https:\/\/skiflyingportal.com\/wp-content\/uploads\/2023\/11\/cropped-SKI-FLYING-2.png","width":499,"height":89,"caption":"skiflyingportal"},"image":{"@id":"https:\/\/skiflyingportal.com\/#\/schema\/logo\/image\/"},"sameAs":["https:\/\/www.facebook.com\/skiflyingportal","https:\/\/x.com\/skiflyingportal"]}]}},"_links":{"self":[{"href":"https:\/\/skiflyingportal.com\/index.php\/wp-json\/wp\/v2\/pages\/64","targetHints":{"allow":["GET"]}}],"collection":[{"href":"https:\/\/skiflyingportal.com\/index.php\/wp-json\/wp\/v2\/pages"}],"about":[{"href":"https:\/\/skiflyingportal.com\/index.php\/wp-json\/wp\/v2\/types\/page"}],"author":[{"embeddable":true,"href":"https:\/\/skiflyingportal.com\/index.php\/wp-json\/wp\/v2\/users\/1"}],"replies":[{"embeddable":true,"href":"https:\/\/skiflyingportal.com\/index.php\/wp-json\/wp\/v2\/comments?post=64"}],"version-history":[{"count":2,"href":"https:\/\/skiflyingportal.com\/index.php\/wp-json\/wp\/v2\/pages\/64\/revisions"}],"predecessor-version":[{"id":105,"href":"https:\/\/skiflyingportal.com\/index.php\/wp-json\/wp\/v2\/pages\/64\/revisions\/105"}],"up":[{"embeddable":true,"href":"https:\/\/skiflyingportal.com\/index.php\/wp-json\/wp\/v2\/pages\/37"}],"wp:attachment":[{"href":"https:\/\/skiflyingportal.com\/index.php\/wp-json\/wp\/v2\/media?parent=64"}],"curies":[{"name":"wp","href":"https:\/\/api.w.org\/{rel}","templated":true}]}}