{"id":76,"date":"2023-11-21T12:04:47","date_gmt":"2023-11-21T12:04:47","guid":{"rendered":"https:\/\/skiflyingportal.com\/?page_id=76"},"modified":"2024-02-24T10:41:57","modified_gmt":"2024-02-24T10:41:57","slug":"planica","status":"publish","type":"page","link":"https:\/\/skiflyingportal.com\/index.php\/skocznie-do-lotow\/planica\/","title":{"rendered":"Planica"},"content":{"rendered":"\n<p><strong>Letalnica bratov Gori\u0161ek &#8211; skocznia do lot\u00f3w narciarskich nale\u017c\u0105ca do kompleksu Planica Nordic Centre, po\u0142o\u017cona w dolinie Planica, w pobli\u017cu miejscowo\u015bci Rate\u010de, gmina Kranjska Gora w S\u0142owenii.<\/strong><\/p>\n\n\n\n<figure class=\"wp-block-image size-large\"><img fetchpriority=\"high\" decoding=\"async\" width=\"1024\" height=\"768\" src=\"http:\/\/skiflyingportal.com\/wp-content\/uploads\/2023\/12\/IMG_20190322_135637-1024x768.jpg\" alt=\"\" class=\"wp-image-230\" srcset=\"https:\/\/skiflyingportal.com\/wp-content\/uploads\/2023\/12\/IMG_20190322_135637-1024x768.jpg 1024w, https:\/\/skiflyingportal.com\/wp-content\/uploads\/2023\/12\/IMG_20190322_135637-300x225.jpg 300w, https:\/\/skiflyingportal.com\/wp-content\/uploads\/2023\/12\/IMG_20190322_135637-768x576.jpg 768w, https:\/\/skiflyingportal.com\/wp-content\/uploads\/2023\/12\/IMG_20190322_135637-1536x1152.jpg 1536w, https:\/\/skiflyingportal.com\/wp-content\/uploads\/2023\/12\/IMG_20190322_135637-2048x1536.jpg 2048w\" sizes=\"(max-width: 1024px) 100vw, 1024px\" \/><\/figure>\n\n\n\n<h2 class=\"wp-block-heading\">Parametry techniczne skoczni<\/h2>\n\n\n\n<ul class=\"wp-block-list\">\n<li>e1 = 133.80 m<\/li>\n\n\n\n<li>e = 123.80 m<\/li>\n\n\n\n<li>eS = 38.50 m<\/li>\n\n\n\n<li>38 belek startowych<\/li>\n\n\n\n<li>\u03b3 = 35.00\u00b0<\/li>\n\n\n\n<li>\u03b1 = 11.00\u00b0<\/li>\n\n\n\n<li>r1 = 175 \/ 105 m<\/li>\n\n\n\n<li>t = 10.00 m<\/li>\n\n\n\n<li>s = 2.60 m (profil \u015bnie\u017cny)<\/li>\n\n\n\n<li>h\/n = 0.601045<\/li>\n\n\n\n<li>h = 102.40 m <\/li>\n\n\n\n<li>n = 170.37 m<\/li>\n\n\n\n<li>P&#8217; = 157.00 m<\/li>\n\n\n\n<li>\u03b2P&#8217; = 38.40\u00b0<\/li>\n\n\n\n<li>P = 183.00 m<\/li>\n\n\n\n<li>\u03b2P = 36.40\u00b0<\/li>\n\n\n\n<li>w = 200.00 m<\/li>\n\n\n\n<li>K = 200.00 m<\/li>\n\n\n\n<li>\u03b2K = 33.00\u00b0<\/li>\n\n\n\n<li>L = 225.00 m<\/li>\n\n\n\n<li>\u03b2L = 31.07\u00b0<\/li>\n\n\n\n<li>L&#8217; = 250.00 m<\/li>\n\n\n\n<li>\u03b2L&#8217; = 26.06\u00b0<\/li>\n\n\n\n<li>HS = 240 m<\/li>\n\n\n\n<li>l1&#8242; = 26.00 m<\/li>\n\n\n\n<li>l1 = 17.00 m<\/li>\n\n\n\n<li>l2 = 25.00 m<\/li>\n\n\n\n<li>l2&#8242; = 25.00 m<\/li>\n\n\n\n<li>rL = 286.00 \/ 744.00 m<\/li>\n\n\n\n<li>r2 = klotoida (punkt ko\u0144cowy ~284.00 m)<\/li>\n\n\n\n<li>zU = 135.00 m<\/li>\n\n\n\n<li>b1 = 3.00 m<\/li>\n\n\n\n<li>b2 = 14.30 m<\/li>\n\n\n\n<li>bK = 37.00 m<\/li>\n\n\n\n<li>bU = 40.00 m<\/li>\n\n\n\n<li>wysoko\u015b\u0107 n.p.m. 1082.33 m (pr\u00f3g)<\/li>\n<\/ul>\n","protected":false},"excerpt":{"rendered":"<p>Letalnica bratov Gori\u0161ek &#8211; skocznia do lot\u00f3w narciarskich nale\u017c\u0105ca do kompleksu Planica Nordic Centre, po\u0142o\u017cona w dolinie Planica, w pobli\u017cu miejscowo\u015bci Rate\u010de, gmina Kranjska Gora w S\u0142owenii. Parametry techniczne skoczni<\/p>\n","protected":false},"author":1,"featured_media":0,"parent":73,"menu_order":3,"comment_status":"closed","ping_status":"closed","template":"","meta":{"footnotes":""},"class_list":["post-76","page","type-page","status-publish","hentry"],"yoast_head":"<!-- This site is optimized with the Yoast SEO plugin v24.6 - https:\/\/yoast.com\/wordpress\/plugins\/seo\/ -->\n<title>Letalnica bratov Gori\u0161ek, Planica &#8226; skiflyingportal<\/title>\n<meta name=\"description\" content=\"Skocznia Letalnica braci Gori\u0161k\u00f3w w Planicy. Parametry techniczne, rekordy.\" \/>\n<meta name=\"robots\" content=\"index, follow, max-snippet:-1, max-image-preview:large, max-video-preview:-1\" \/>\n<link rel=\"canonical\" href=\"https:\/\/skiflyingportal.com\/index.php\/skocznie-do-lotow\/planica\/\" \/>\n<meta property=\"og:locale\" content=\"pl_PL\" \/>\n<meta property=\"og:type\" content=\"article\" \/>\n<meta property=\"og:title\" content=\"Letalnica bratov Gori\u0161ek, Planica &#8226; skiflyingportal\" \/>\n<meta property=\"og:description\" content=\"Skocznia Letalnica braci Gori\u0161k\u00f3w w Planicy. Parametry techniczne, rekordy.\" \/>\n<meta property=\"og:url\" content=\"https:\/\/skiflyingportal.com\/index.php\/skocznie-do-lotow\/planica\/\" \/>\n<meta property=\"og:site_name\" content=\"skiflyingportal\" \/>\n<meta property=\"article:publisher\" content=\"https:\/\/www.facebook.com\/skiflyingportal\" \/>\n<meta property=\"article:modified_time\" content=\"2024-02-24T10:41:57+00:00\" \/>\n<meta property=\"og:image\" content=\"http:\/\/skiflyingportal.com\/wp-content\/uploads\/2023\/12\/IMG_20190322_135637-1024x768.jpg\" \/>\n<meta name=\"twitter:card\" content=\"summary_large_image\" \/>\n<meta name=\"twitter:site\" content=\"@skiflyingportal\" \/>\n<meta name=\"twitter:label1\" content=\"Szacowany czas czytania\" \/>\n\t<meta name=\"twitter:data1\" content=\"2 minuty\" \/>\n<script type=\"application\/ld+json\" class=\"yoast-schema-graph\">{\"@context\":\"https:\/\/schema.org\",\"@graph\":[{\"@type\":\"WebPage\",\"@id\":\"https:\/\/skiflyingportal.com\/index.php\/skocznie-do-lotow\/planica\/\",\"url\":\"https:\/\/skiflyingportal.com\/index.php\/skocznie-do-lotow\/planica\/\",\"name\":\"Letalnica bratov Gori\u0161ek, Planica &#8226; skiflyingportal\",\"isPartOf\":{\"@id\":\"https:\/\/skiflyingportal.com\/#website\"},\"primaryImageOfPage\":{\"@id\":\"https:\/\/skiflyingportal.com\/index.php\/skocznie-do-lotow\/planica\/#primaryimage\"},\"image\":{\"@id\":\"https:\/\/skiflyingportal.com\/index.php\/skocznie-do-lotow\/planica\/#primaryimage\"},\"thumbnailUrl\":\"http:\/\/skiflyingportal.com\/wp-content\/uploads\/2023\/12\/IMG_20190322_135637-1024x768.jpg\",\"datePublished\":\"2023-11-21T12:04:47+00:00\",\"dateModified\":\"2024-02-24T10:41:57+00:00\",\"description\":\"Skocznia Letalnica braci Gori\u0161k\u00f3w w Planicy. Parametry techniczne, rekordy.\",\"breadcrumb\":{\"@id\":\"https:\/\/skiflyingportal.com\/index.php\/skocznie-do-lotow\/planica\/#breadcrumb\"},\"inLanguage\":\"pl-PL\",\"potentialAction\":[{\"@type\":\"ReadAction\",\"target\":[\"https:\/\/skiflyingportal.com\/index.php\/skocznie-do-lotow\/planica\/\"]}]},{\"@type\":\"ImageObject\",\"inLanguage\":\"pl-PL\",\"@id\":\"https:\/\/skiflyingportal.com\/index.php\/skocznie-do-lotow\/planica\/#primaryimage\",\"url\":\"https:\/\/skiflyingportal.com\/wp-content\/uploads\/2023\/12\/IMG_20190322_135637-scaled.jpg\",\"contentUrl\":\"https:\/\/skiflyingportal.com\/wp-content\/uploads\/2023\/12\/IMG_20190322_135637-scaled.jpg\",\"width\":2560,\"height\":1920,\"caption\":\"dav\"},{\"@type\":\"BreadcrumbList\",\"@id\":\"https:\/\/skiflyingportal.com\/index.php\/skocznie-do-lotow\/planica\/#breadcrumb\",\"itemListElement\":[{\"@type\":\"ListItem\",\"position\":1,\"name\":\"Strona g\u0142\u00f3wna\",\"item\":\"https:\/\/skiflyingportal.com\/\"},{\"@type\":\"ListItem\",\"position\":2,\"name\":\"Skocznie do lot\u00f3w narciarskich\",\"item\":\"https:\/\/skiflyingportal.com\/index.php\/skocznie-do-lotow\/\"},{\"@type\":\"ListItem\",\"position\":3,\"name\":\"Planica\"}]},{\"@type\":\"WebSite\",\"@id\":\"https:\/\/skiflyingportal.com\/#website\",\"url\":\"https:\/\/skiflyingportal.com\/\",\"name\":\"skiflyingportal\",\"description\":\"o lotach narciarskich i nie tylko\",\"publisher\":{\"@id\":\"https:\/\/skiflyingportal.com\/#organization\"},\"potentialAction\":[{\"@type\":\"SearchAction\",\"target\":{\"@type\":\"EntryPoint\",\"urlTemplate\":\"https:\/\/skiflyingportal.com\/?s={search_term_string}\"},\"query-input\":{\"@type\":\"PropertyValueSpecification\",\"valueRequired\":true,\"valueName\":\"search_term_string\"}}],\"inLanguage\":\"pl-PL\"},{\"@type\":\"Organization\",\"@id\":\"https:\/\/skiflyingportal.com\/#organization\",\"name\":\"skiflyingportal\",\"url\":\"https:\/\/skiflyingportal.com\/\",\"logo\":{\"@type\":\"ImageObject\",\"inLanguage\":\"pl-PL\",\"@id\":\"https:\/\/skiflyingportal.com\/#\/schema\/logo\/image\/\",\"url\":\"https:\/\/skiflyingportal.com\/wp-content\/uploads\/2023\/11\/cropped-SKI-FLYING-2.png\",\"contentUrl\":\"https:\/\/skiflyingportal.com\/wp-content\/uploads\/2023\/11\/cropped-SKI-FLYING-2.png\",\"width\":499,\"height\":89,\"caption\":\"skiflyingportal\"},\"image\":{\"@id\":\"https:\/\/skiflyingportal.com\/#\/schema\/logo\/image\/\"},\"sameAs\":[\"https:\/\/www.facebook.com\/skiflyingportal\",\"https:\/\/x.com\/skiflyingportal\"]}]}<\/script>\n<!-- \/ Yoast SEO plugin. -->","yoast_head_json":{"title":"Letalnica bratov Gori\u0161ek, Planica &#8226; skiflyingportal","description":"Skocznia Letalnica braci Gori\u0161k\u00f3w w Planicy. Parametry techniczne, rekordy.","robots":{"index":"index","follow":"follow","max-snippet":"max-snippet:-1","max-image-preview":"max-image-preview:large","max-video-preview":"max-video-preview:-1"},"canonical":"https:\/\/skiflyingportal.com\/index.php\/skocznie-do-lotow\/planica\/","og_locale":"pl_PL","og_type":"article","og_title":"Letalnica bratov Gori\u0161ek, Planica &#8226; skiflyingportal","og_description":"Skocznia Letalnica braci Gori\u0161k\u00f3w w Planicy. Parametry techniczne, rekordy.","og_url":"https:\/\/skiflyingportal.com\/index.php\/skocznie-do-lotow\/planica\/","og_site_name":"skiflyingportal","article_publisher":"https:\/\/www.facebook.com\/skiflyingportal","article_modified_time":"2024-02-24T10:41:57+00:00","og_image":[{"url":"http:\/\/skiflyingportal.com\/wp-content\/uploads\/2023\/12\/IMG_20190322_135637-1024x768.jpg","type":"","width":"","height":""}],"twitter_card":"summary_large_image","twitter_site":"@skiflyingportal","twitter_misc":{"Szacowany czas czytania":"2 minuty"},"schema":{"@context":"https:\/\/schema.org","@graph":[{"@type":"WebPage","@id":"https:\/\/skiflyingportal.com\/index.php\/skocznie-do-lotow\/planica\/","url":"https:\/\/skiflyingportal.com\/index.php\/skocznie-do-lotow\/planica\/","name":"Letalnica bratov Gori\u0161ek, Planica &#8226; skiflyingportal","isPartOf":{"@id":"https:\/\/skiflyingportal.com\/#website"},"primaryImageOfPage":{"@id":"https:\/\/skiflyingportal.com\/index.php\/skocznie-do-lotow\/planica\/#primaryimage"},"image":{"@id":"https:\/\/skiflyingportal.com\/index.php\/skocznie-do-lotow\/planica\/#primaryimage"},"thumbnailUrl":"http:\/\/skiflyingportal.com\/wp-content\/uploads\/2023\/12\/IMG_20190322_135637-1024x768.jpg","datePublished":"2023-11-21T12:04:47+00:00","dateModified":"2024-02-24T10:41:57+00:00","description":"Skocznia Letalnica braci Gori\u0161k\u00f3w w Planicy. Parametry techniczne, rekordy.","breadcrumb":{"@id":"https:\/\/skiflyingportal.com\/index.php\/skocznie-do-lotow\/planica\/#breadcrumb"},"inLanguage":"pl-PL","potentialAction":[{"@type":"ReadAction","target":["https:\/\/skiflyingportal.com\/index.php\/skocznie-do-lotow\/planica\/"]}]},{"@type":"ImageObject","inLanguage":"pl-PL","@id":"https:\/\/skiflyingportal.com\/index.php\/skocznie-do-lotow\/planica\/#primaryimage","url":"https:\/\/skiflyingportal.com\/wp-content\/uploads\/2023\/12\/IMG_20190322_135637-scaled.jpg","contentUrl":"https:\/\/skiflyingportal.com\/wp-content\/uploads\/2023\/12\/IMG_20190322_135637-scaled.jpg","width":2560,"height":1920,"caption":"dav"},{"@type":"BreadcrumbList","@id":"https:\/\/skiflyingportal.com\/index.php\/skocznie-do-lotow\/planica\/#breadcrumb","itemListElement":[{"@type":"ListItem","position":1,"name":"Strona g\u0142\u00f3wna","item":"https:\/\/skiflyingportal.com\/"},{"@type":"ListItem","position":2,"name":"Skocznie do lot\u00f3w narciarskich","item":"https:\/\/skiflyingportal.com\/index.php\/skocznie-do-lotow\/"},{"@type":"ListItem","position":3,"name":"Planica"}]},{"@type":"WebSite","@id":"https:\/\/skiflyingportal.com\/#website","url":"https:\/\/skiflyingportal.com\/","name":"skiflyingportal","description":"o lotach narciarskich i nie tylko","publisher":{"@id":"https:\/\/skiflyingportal.com\/#organization"},"potentialAction":[{"@type":"SearchAction","target":{"@type":"EntryPoint","urlTemplate":"https:\/\/skiflyingportal.com\/?s={search_term_string}"},"query-input":{"@type":"PropertyValueSpecification","valueRequired":true,"valueName":"search_term_string"}}],"inLanguage":"pl-PL"},{"@type":"Organization","@id":"https:\/\/skiflyingportal.com\/#organization","name":"skiflyingportal","url":"https:\/\/skiflyingportal.com\/","logo":{"@type":"ImageObject","inLanguage":"pl-PL","@id":"https:\/\/skiflyingportal.com\/#\/schema\/logo\/image\/","url":"https:\/\/skiflyingportal.com\/wp-content\/uploads\/2023\/11\/cropped-SKI-FLYING-2.png","contentUrl":"https:\/\/skiflyingportal.com\/wp-content\/uploads\/2023\/11\/cropped-SKI-FLYING-2.png","width":499,"height":89,"caption":"skiflyingportal"},"image":{"@id":"https:\/\/skiflyingportal.com\/#\/schema\/logo\/image\/"},"sameAs":["https:\/\/www.facebook.com\/skiflyingportal","https:\/\/x.com\/skiflyingportal"]}]}},"_links":{"self":[{"href":"https:\/\/skiflyingportal.com\/index.php\/wp-json\/wp\/v2\/pages\/76","targetHints":{"allow":["GET"]}}],"collection":[{"href":"https:\/\/skiflyingportal.com\/index.php\/wp-json\/wp\/v2\/pages"}],"about":[{"href":"https:\/\/skiflyingportal.com\/index.php\/wp-json\/wp\/v2\/types\/page"}],"author":[{"embeddable":true,"href":"https:\/\/skiflyingportal.com\/index.php\/wp-json\/wp\/v2\/users\/1"}],"replies":[{"embeddable":true,"href":"https:\/\/skiflyingportal.com\/index.php\/wp-json\/wp\/v2\/comments?post=76"}],"version-history":[{"count":3,"href":"https:\/\/skiflyingportal.com\/index.php\/wp-json\/wp\/v2\/pages\/76\/revisions"}],"predecessor-version":[{"id":346,"href":"https:\/\/skiflyingportal.com\/index.php\/wp-json\/wp\/v2\/pages\/76\/revisions\/346"}],"up":[{"embeddable":true,"href":"https:\/\/skiflyingportal.com\/index.php\/wp-json\/wp\/v2\/pages\/73"}],"wp:attachment":[{"href":"https:\/\/skiflyingportal.com\/index.php\/wp-json\/wp\/v2\/media?parent=76"}],"curies":[{"name":"wp","href":"https:\/\/api.w.org\/{rel}","templated":true}]}}