{"id":82,"date":"2023-11-21T12:21:52","date_gmt":"2023-11-21T12:21:52","guid":{"rendered":"https:\/\/skiflyingportal.com\/?page_id=82"},"modified":"2024-02-24T10:57:43","modified_gmt":"2024-02-24T10:57:43","slug":"vikersund","status":"publish","type":"page","link":"https:\/\/skiflyingportal.com\/index.php\/skocznie-do-lotow\/vikersund\/","title":{"rendered":"Vikersund"},"content":{"rendered":"\n<p><strong>Vikersundbakken &#8211; skocznia do lot\u00f3w narciarskich po\u0142o\u017cona w miejscowo\u015bci Vikersund w gminie Modum, region Buskerud w Norwegii.<\/strong><\/p>\n\n\n\n<figure class=\"wp-block-image size-large\"><img fetchpriority=\"high\" decoding=\"async\" width=\"1024\" height=\"677\" src=\"http:\/\/skiflyingportal.com\/wp-content\/uploads\/2024\/02\/IMG_2115-1024x677.jpg\" alt=\"\" class=\"wp-image-332\" srcset=\"https:\/\/skiflyingportal.com\/wp-content\/uploads\/2024\/02\/IMG_2115-1024x677.jpg 1024w, https:\/\/skiflyingportal.com\/wp-content\/uploads\/2024\/02\/IMG_2115-300x198.jpg 300w, https:\/\/skiflyingportal.com\/wp-content\/uploads\/2024\/02\/IMG_2115-768x507.jpg 768w, https:\/\/skiflyingportal.com\/wp-content\/uploads\/2024\/02\/IMG_2115-1536x1015.jpg 1536w, https:\/\/skiflyingportal.com\/wp-content\/uploads\/2024\/02\/IMG_2115-2048x1353.jpg 2048w\" sizes=\"(max-width: 1024px) 100vw, 1024px\" \/><\/figure>\n\n\n\n<h2 class=\"wp-block-heading\">Parametry techniczne skoczni<\/h2>\n\n\n\n<ul class=\"wp-block-list\">\n<li>e1 = 132.00 m<\/li>\n\n\n\n<li>e = 124.00 m<\/li>\n\n\n\n<li>eS = 36.55 m<\/li>\n\n\n\n<li>44 belki startowe<\/li>\n\n\n\n<li>\u03b3 = 36.00\u00b0<\/li>\n\n\n\n<li>\u03b1 = 11.00\u00b0<\/li>\n\n\n\n<li>r1 = 142 \/ 100 m<\/li>\n\n\n\n<li>t = 8.00 m<\/li>\n\n\n\n<li>s = 2.00 m (profil \u015bnie\u017cny)<\/li>\n\n\n\n<li>h\/n = 0.59909<\/li>\n\n\n\n<li>h = 102.99 m <\/li>\n\n\n\n<li>n = 171.91 m<\/li>\n\n\n\n<li>P = 165.00 m<\/li>\n\n\n\n<li>\u03b2P = 38.00\u00b0<\/li>\n\n\n\n<li>w = 200.00 m<\/li>\n\n\n\n<li>K = 200.00 m<\/li>\n\n\n\n<li>\u03b2K = 34.34\u00b0<\/li>\n\n\n\n<li>L = 240.00 m<\/li>\n\n\n\n<li>\u03b2L = 26.58\u00b0<\/li>\n\n\n\n<li>HS = 240 m<\/li>\n\n\n\n<li>l1 = 17.00 m<\/li>\n\n\n\n<li>l2 = 40.00 m<\/li>\n\n\n\n<li>rL = 548.00 \/ 295.00 m<\/li>\n\n\n\n<li>r2 = 100.00 \/ 109.00 m<\/li>\n\n\n\n<li>zU = 135.00 m<\/li>\n\n\n\n<li>b1 = 3.10 m<\/li>\n\n\n\n<li>b2 = 16.28 m<\/li>\n\n\n\n<li>bK = 36.26 m<\/li>\n\n\n\n<li>bU = 39.50 m<\/li>\n\n\n\n<li>wysoko\u015b\u0107 n.p.m. 273.00 m (pr\u00f3g)<\/li>\n<\/ul>\n","protected":false},"excerpt":{"rendered":"<p>Vikersundbakken &#8211; skocznia do lot\u00f3w narciarskich po\u0142o\u017cona w miejscowo\u015bci Vikersund w gminie Modum, region Buskerud w Norwegii. Parametry techniczne skoczni<\/p>\n","protected":false},"author":1,"featured_media":0,"parent":73,"menu_order":4,"comment_status":"closed","ping_status":"closed","template":"","meta":{"footnotes":""},"class_list":["post-82","page","type-page","status-publish","hentry"],"yoast_head":"<!-- This site is optimized with the Yoast SEO plugin v24.6 - https:\/\/yoast.com\/wordpress\/plugins\/seo\/ -->\n<title>Vikersundbakken, Vikersund &#8226; skiflyingportal<\/title>\n<meta name=\"description\" content=\"Skocznia Vikersundbakken w Vikersund. Parametry techniczne, rekordy.\" \/>\n<meta name=\"robots\" content=\"index, follow, max-snippet:-1, max-image-preview:large, max-video-preview:-1\" \/>\n<link rel=\"canonical\" href=\"https:\/\/skiflyingportal.com\/index.php\/skocznie-do-lotow\/vikersund\/\" \/>\n<meta property=\"og:locale\" content=\"pl_PL\" \/>\n<meta property=\"og:type\" content=\"article\" \/>\n<meta property=\"og:title\" content=\"Vikersundbakken, Vikersund &#8226; skiflyingportal\" \/>\n<meta property=\"og:description\" content=\"Skocznia Vikersundbakken w Vikersund. Parametry techniczne, rekordy.\" \/>\n<meta property=\"og:url\" content=\"https:\/\/skiflyingportal.com\/index.php\/skocznie-do-lotow\/vikersund\/\" \/>\n<meta property=\"og:site_name\" content=\"skiflyingportal\" \/>\n<meta property=\"article:publisher\" content=\"https:\/\/www.facebook.com\/skiflyingportal\" \/>\n<meta property=\"article:modified_time\" content=\"2024-02-24T10:57:43+00:00\" \/>\n<meta property=\"og:image\" content=\"http:\/\/skiflyingportal.com\/wp-content\/uploads\/2024\/02\/IMG_2115-1024x677.jpg\" \/>\n<meta name=\"twitter:card\" content=\"summary_large_image\" \/>\n<meta name=\"twitter:site\" content=\"@skiflyingportal\" \/>\n<meta name=\"twitter:label1\" content=\"Szacowany czas czytania\" \/>\n\t<meta name=\"twitter:data1\" content=\"2 minuty\" \/>\n<script type=\"application\/ld+json\" class=\"yoast-schema-graph\">{\"@context\":\"https:\/\/schema.org\",\"@graph\":[{\"@type\":\"WebPage\",\"@id\":\"https:\/\/skiflyingportal.com\/index.php\/skocznie-do-lotow\/vikersund\/\",\"url\":\"https:\/\/skiflyingportal.com\/index.php\/skocznie-do-lotow\/vikersund\/\",\"name\":\"Vikersundbakken, Vikersund &#8226; skiflyingportal\",\"isPartOf\":{\"@id\":\"https:\/\/skiflyingportal.com\/#website\"},\"primaryImageOfPage\":{\"@id\":\"https:\/\/skiflyingportal.com\/index.php\/skocznie-do-lotow\/vikersund\/#primaryimage\"},\"image\":{\"@id\":\"https:\/\/skiflyingportal.com\/index.php\/skocznie-do-lotow\/vikersund\/#primaryimage\"},\"thumbnailUrl\":\"http:\/\/skiflyingportal.com\/wp-content\/uploads\/2024\/02\/IMG_2115-1024x677.jpg\",\"datePublished\":\"2023-11-21T12:21:52+00:00\",\"dateModified\":\"2024-02-24T10:57:43+00:00\",\"description\":\"Skocznia Vikersundbakken w Vikersund. Parametry techniczne, rekordy.\",\"breadcrumb\":{\"@id\":\"https:\/\/skiflyingportal.com\/index.php\/skocznie-do-lotow\/vikersund\/#breadcrumb\"},\"inLanguage\":\"pl-PL\",\"potentialAction\":[{\"@type\":\"ReadAction\",\"target\":[\"https:\/\/skiflyingportal.com\/index.php\/skocznie-do-lotow\/vikersund\/\"]}]},{\"@type\":\"ImageObject\",\"inLanguage\":\"pl-PL\",\"@id\":\"https:\/\/skiflyingportal.com\/index.php\/skocznie-do-lotow\/vikersund\/#primaryimage\",\"url\":\"https:\/\/skiflyingportal.com\/wp-content\/uploads\/2024\/02\/IMG_2115-scaled.jpg\",\"contentUrl\":\"https:\/\/skiflyingportal.com\/wp-content\/uploads\/2024\/02\/IMG_2115-scaled.jpg\",\"width\":2560,\"height\":1692},{\"@type\":\"BreadcrumbList\",\"@id\":\"https:\/\/skiflyingportal.com\/index.php\/skocznie-do-lotow\/vikersund\/#breadcrumb\",\"itemListElement\":[{\"@type\":\"ListItem\",\"position\":1,\"name\":\"Strona g\u0142\u00f3wna\",\"item\":\"https:\/\/skiflyingportal.com\/\"},{\"@type\":\"ListItem\",\"position\":2,\"name\":\"Skocznie do lot\u00f3w narciarskich\",\"item\":\"https:\/\/skiflyingportal.com\/index.php\/skocznie-do-lotow\/\"},{\"@type\":\"ListItem\",\"position\":3,\"name\":\"Vikersund\"}]},{\"@type\":\"WebSite\",\"@id\":\"https:\/\/skiflyingportal.com\/#website\",\"url\":\"https:\/\/skiflyingportal.com\/\",\"name\":\"skiflyingportal\",\"description\":\"o lotach narciarskich i nie tylko\",\"publisher\":{\"@id\":\"https:\/\/skiflyingportal.com\/#organization\"},\"potentialAction\":[{\"@type\":\"SearchAction\",\"target\":{\"@type\":\"EntryPoint\",\"urlTemplate\":\"https:\/\/skiflyingportal.com\/?s={search_term_string}\"},\"query-input\":{\"@type\":\"PropertyValueSpecification\",\"valueRequired\":true,\"valueName\":\"search_term_string\"}}],\"inLanguage\":\"pl-PL\"},{\"@type\":\"Organization\",\"@id\":\"https:\/\/skiflyingportal.com\/#organization\",\"name\":\"skiflyingportal\",\"url\":\"https:\/\/skiflyingportal.com\/\",\"logo\":{\"@type\":\"ImageObject\",\"inLanguage\":\"pl-PL\",\"@id\":\"https:\/\/skiflyingportal.com\/#\/schema\/logo\/image\/\",\"url\":\"https:\/\/skiflyingportal.com\/wp-content\/uploads\/2023\/11\/cropped-SKI-FLYING-2.png\",\"contentUrl\":\"https:\/\/skiflyingportal.com\/wp-content\/uploads\/2023\/11\/cropped-SKI-FLYING-2.png\",\"width\":499,\"height\":89,\"caption\":\"skiflyingportal\"},\"image\":{\"@id\":\"https:\/\/skiflyingportal.com\/#\/schema\/logo\/image\/\"},\"sameAs\":[\"https:\/\/www.facebook.com\/skiflyingportal\",\"https:\/\/x.com\/skiflyingportal\"]}]}<\/script>\n<!-- \/ Yoast SEO plugin. -->","yoast_head_json":{"title":"Vikersundbakken, Vikersund &#8226; skiflyingportal","description":"Skocznia Vikersundbakken w Vikersund. Parametry techniczne, rekordy.","robots":{"index":"index","follow":"follow","max-snippet":"max-snippet:-1","max-image-preview":"max-image-preview:large","max-video-preview":"max-video-preview:-1"},"canonical":"https:\/\/skiflyingportal.com\/index.php\/skocznie-do-lotow\/vikersund\/","og_locale":"pl_PL","og_type":"article","og_title":"Vikersundbakken, Vikersund &#8226; skiflyingportal","og_description":"Skocznia Vikersundbakken w Vikersund. Parametry techniczne, rekordy.","og_url":"https:\/\/skiflyingportal.com\/index.php\/skocznie-do-lotow\/vikersund\/","og_site_name":"skiflyingportal","article_publisher":"https:\/\/www.facebook.com\/skiflyingportal","article_modified_time":"2024-02-24T10:57:43+00:00","og_image":[{"url":"http:\/\/skiflyingportal.com\/wp-content\/uploads\/2024\/02\/IMG_2115-1024x677.jpg","type":"","width":"","height":""}],"twitter_card":"summary_large_image","twitter_site":"@skiflyingportal","twitter_misc":{"Szacowany czas czytania":"2 minuty"},"schema":{"@context":"https:\/\/schema.org","@graph":[{"@type":"WebPage","@id":"https:\/\/skiflyingportal.com\/index.php\/skocznie-do-lotow\/vikersund\/","url":"https:\/\/skiflyingportal.com\/index.php\/skocznie-do-lotow\/vikersund\/","name":"Vikersundbakken, Vikersund &#8226; skiflyingportal","isPartOf":{"@id":"https:\/\/skiflyingportal.com\/#website"},"primaryImageOfPage":{"@id":"https:\/\/skiflyingportal.com\/index.php\/skocznie-do-lotow\/vikersund\/#primaryimage"},"image":{"@id":"https:\/\/skiflyingportal.com\/index.php\/skocznie-do-lotow\/vikersund\/#primaryimage"},"thumbnailUrl":"http:\/\/skiflyingportal.com\/wp-content\/uploads\/2024\/02\/IMG_2115-1024x677.jpg","datePublished":"2023-11-21T12:21:52+00:00","dateModified":"2024-02-24T10:57:43+00:00","description":"Skocznia Vikersundbakken w Vikersund. Parametry techniczne, rekordy.","breadcrumb":{"@id":"https:\/\/skiflyingportal.com\/index.php\/skocznie-do-lotow\/vikersund\/#breadcrumb"},"inLanguage":"pl-PL","potentialAction":[{"@type":"ReadAction","target":["https:\/\/skiflyingportal.com\/index.php\/skocznie-do-lotow\/vikersund\/"]}]},{"@type":"ImageObject","inLanguage":"pl-PL","@id":"https:\/\/skiflyingportal.com\/index.php\/skocznie-do-lotow\/vikersund\/#primaryimage","url":"https:\/\/skiflyingportal.com\/wp-content\/uploads\/2024\/02\/IMG_2115-scaled.jpg","contentUrl":"https:\/\/skiflyingportal.com\/wp-content\/uploads\/2024\/02\/IMG_2115-scaled.jpg","width":2560,"height":1692},{"@type":"BreadcrumbList","@id":"https:\/\/skiflyingportal.com\/index.php\/skocznie-do-lotow\/vikersund\/#breadcrumb","itemListElement":[{"@type":"ListItem","position":1,"name":"Strona g\u0142\u00f3wna","item":"https:\/\/skiflyingportal.com\/"},{"@type":"ListItem","position":2,"name":"Skocznie do lot\u00f3w narciarskich","item":"https:\/\/skiflyingportal.com\/index.php\/skocznie-do-lotow\/"},{"@type":"ListItem","position":3,"name":"Vikersund"}]},{"@type":"WebSite","@id":"https:\/\/skiflyingportal.com\/#website","url":"https:\/\/skiflyingportal.com\/","name":"skiflyingportal","description":"o lotach narciarskich i nie tylko","publisher":{"@id":"https:\/\/skiflyingportal.com\/#organization"},"potentialAction":[{"@type":"SearchAction","target":{"@type":"EntryPoint","urlTemplate":"https:\/\/skiflyingportal.com\/?s={search_term_string}"},"query-input":{"@type":"PropertyValueSpecification","valueRequired":true,"valueName":"search_term_string"}}],"inLanguage":"pl-PL"},{"@type":"Organization","@id":"https:\/\/skiflyingportal.com\/#organization","name":"skiflyingportal","url":"https:\/\/skiflyingportal.com\/","logo":{"@type":"ImageObject","inLanguage":"pl-PL","@id":"https:\/\/skiflyingportal.com\/#\/schema\/logo\/image\/","url":"https:\/\/skiflyingportal.com\/wp-content\/uploads\/2023\/11\/cropped-SKI-FLYING-2.png","contentUrl":"https:\/\/skiflyingportal.com\/wp-content\/uploads\/2023\/11\/cropped-SKI-FLYING-2.png","width":499,"height":89,"caption":"skiflyingportal"},"image":{"@id":"https:\/\/skiflyingportal.com\/#\/schema\/logo\/image\/"},"sameAs":["https:\/\/www.facebook.com\/skiflyingportal","https:\/\/x.com\/skiflyingportal"]}]}},"_links":{"self":[{"href":"https:\/\/skiflyingportal.com\/index.php\/wp-json\/wp\/v2\/pages\/82","targetHints":{"allow":["GET"]}}],"collection":[{"href":"https:\/\/skiflyingportal.com\/index.php\/wp-json\/wp\/v2\/pages"}],"about":[{"href":"https:\/\/skiflyingportal.com\/index.php\/wp-json\/wp\/v2\/types\/page"}],"author":[{"embeddable":true,"href":"https:\/\/skiflyingportal.com\/index.php\/wp-json\/wp\/v2\/users\/1"}],"replies":[{"embeddable":true,"href":"https:\/\/skiflyingportal.com\/index.php\/wp-json\/wp\/v2\/comments?post=82"}],"version-history":[{"count":3,"href":"https:\/\/skiflyingportal.com\/index.php\/wp-json\/wp\/v2\/pages\/82\/revisions"}],"predecessor-version":[{"id":350,"href":"https:\/\/skiflyingportal.com\/index.php\/wp-json\/wp\/v2\/pages\/82\/revisions\/350"}],"up":[{"embeddable":true,"href":"https:\/\/skiflyingportal.com\/index.php\/wp-json\/wp\/v2\/pages\/73"}],"wp:attachment":[{"href":"https:\/\/skiflyingportal.com\/index.php\/wp-json\/wp\/v2\/media?parent=82"}],"curies":[{"name":"wp","href":"https:\/\/api.w.org\/{rel}","templated":true}]}}